{"id":716,"date":"2023-12-01T15:17:20","date_gmt":"2023-12-01T14:17:20","guid":{"rendered":"https:\/\/www.surpol.com\/?page_id=716"},"modified":"2024-01-29T10:54:24","modified_gmt":"2024-01-29T09:54:24","slug":"avis-legal","status":"publish","type":"page","link":"https:\/\/www.surpol.com\/es\/avis-legal\/","title":{"rendered":"Aviso Legal"},"content":{"rendered":"<div data-elementor-type=\"wp-page\" data-elementor-id=\"716\" class=\"elementor elementor-716\" data-elementor-post-type=\"page\">\n\t\t\t\t\t\t<section data-particle_enable=\"false\" data-particle-mobile-disabled=\"false\" class=\"elementor-section elementor-top-section elementor-element elementor-element-c8fd51b elementor-section-boxed elementor-section-height-default elementor-section-height-default\" data-id=\"c8fd51b\" data-element_type=\"section\" data-e-type=\"section\">\n\t\t\t\t\t\t<div class=\"elementor-container elementor-column-gap-default\">\n\t\t\t\t\t<div class=\"elementor-column elementor-col-100 elementor-top-column elementor-element elementor-element-7ec3066\" data-id=\"7ec3066\" data-element_type=\"column\" data-e-type=\"column\">\n\t\t\t<div class=\"elementor-widget-wrap elementor-element-populated\">\n\t\t\t\t\t\t<div class=\"elementor-element elementor-element-1249c75 elementor-widget elementor-widget-text-editor\" data-id=\"1249c75\" data-element_type=\"widget\" data-e-type=\"widget\" data-widget_type=\"text-editor.default\">\n\t\t\t\t<div class=\"elementor-widget-container\">\n\t\t\t\t\t\t\t\t\t<p><b><span style=\"color: var( --e-global-color-text ); font-size: 1rem;\">Titularidad del Sitio Web<\/span><br><\/b><\/p>\n<p class=\"translation-block\"><a href=\"https:\/\/www.surpol.com\/es\" target=\"_self\">www.surpol.com<\/a> es un sitio web cuyo nombre de dominio se encuentra registrado y es propiedad de <strong>Actuaciones Preventivas en L'Empresa, S.L<\/strong> (en adelante SURPOL) con domicilio en Calle Sant Pere 58 \u2013 08370 Calella, con NIF B62324587.<\/p>\n<p>En www.surpol.com se informa de los servicios prestados en relaci\u00f3n a la Prevenci\u00f3n de riesgos laborales: asesor\u00eda, gesti\u00f3n jur\u00eddica, formaci\u00f3n y venta de material PRL.<\/p>\n<p>El acceso a www.surpol.com es gratuito y no est\u00e1 prevista la prestaci\u00f3n de servicios de comercio y\/o contrataci\u00f3n electr\u00f3nica.<\/p>\n<p>El uso del sitio web supone la aceptaci\u00f3n del contenido en este Aviso Legal.<\/p>\n<p class=\"translation-block\"><b>Obligaciones del usuario.<br><\/b>Al acceder al sitio www.surpol.com, el usuario se compromete a utilizar la informaci\u00f3n y sus contenidos de conformidad con el presente Aviso legal, con la legislaci\u00f3n vigente y con las buenas costumbres generalmente aceptadas y el orden p\u00fablico, y en particular a :<\/p>\n<p class=\"translation-block\">a) Actuar lealmente y de buena fe en todas las relaciones con SURPOL.<br>b) Proporcionar datos verdaderos y exactos durante su relaci\u00f3n contractual con SURPOL. c) Utilizar de forma correcta y de conformidad con la legislaci\u00f3n vigente, la moral o el orden p\u00fablico, respetando el presente Aviso Legal y, en su caso, las Condiciones de Uso y Contrataci\u00f3n establecidas, as\u00ed como no permitir el uso por terceros no autorizados de las herramientas y servicios prestados.<br>d) Colaborar y poner en conocimiento de SURPOL aquellas informaciones, en especial las de tipo t\u00e9cnico a las que tenga acceso en el ejercicio de sus operaciones y que pudieran afectar o perjudicar en modo alguno a la integridad del sitio web www.surpol.com, el servicio prestado por SURPOL, sus socios, colaboradores, proveedores, otros usuarios u otros terceros, as\u00ed como a las estipulaciones del presente Aviso Legal, o, en su caso, las Condiciones de Uso y Contrataci\u00f3n.<br>e) No ceder su cuenta de Usuario ni revender a terceros los servicios prestados por SURPOL.<\/p>\n<p class=\"translation-block\"><b>Responsabilidad<br><\/b>SURPOL, no podr\u00e1 ser considerada responsable de los posibles da\u00f1os o perjuicios que se deriven del mal funcionamiento de las redes telem\u00e1ticas que faciliten el acceso a www.surpol.com, as\u00ed como tampoco de las posibles interrupciones de acceso, virus, conexiones y sistemas operativos de acceso a la red de Internet. Asimismo, SURPOL tampoco podr\u00e1 considerarse responsable de los posibles da\u00f1os derivados de actuaciones il\u00edcitas e ileg\u00edtimas de terceros ajenos a SURPOL, en la transmisi\u00f3n de datos a trav\u00e9s de las redes telem\u00e1ticas.<\/p>\n<p class=\"translation-block\">Contenidos sitio web y enlaces a terceros<br>La informaci\u00f3n contenida en el sitio web puede no estar actualizada en todo momento, en cuyo caso SURPOL no ser\u00e1 responsable de los posibles da\u00f1os derivados de un uso externo y\/o por terceros de la informaci\u00f3n facilitada.<\/p>\n<p>SURPOL, se reserva el derecho de poder suspender temporalmente la accesibilidad al sitio web cuando sea necesario, sin necesidad de previo aviso y as\u00ed poder realizar las actuaciones de mantenimiento y actualizaci\u00f3n necesarias.<\/p>\n<p>www.surpol.com puede contener enlaces y\/o enlaces (links) a sitios web externos de terceros cuyo contenido no es atribuible ni exigible a SURPOL, siendo responsable el titular de cada uno de los sitios web accedidos.<\/p>\n<p>El establecimiento de cualquier hiperenlace desde un sitio web al de www.surpol.com, deber\u00e1 realizarse siempre en la p\u00e1gina principal, y est\u00e1 prohibida la reproducci\u00f3n total y\/o parcial de los servicios contenidos en www.surpol.com sin previa autorizaci\u00f3n de SURPOL.<\/p>\n<p class=\"translation-block\"><b>Propiedad industrial e intelectual<br><\/b>Los contenidos (incluyendo, pero no de forma exclusiva, textos, logos, im\u00e1genes, dibujos, dise\u00f1o web, marcas, c\u00f3digo fuente y software) del sitio web www.surpol.com est\u00e1n protegidos por la legislaci\u00f3n de propiedad industrial e intelectual vigente y cualquier otra normativa aplicable. La explotaci\u00f3n leg\u00edtima de los mismos corresponde exclusivamente a SURPOL oa sus licenciadores, quedando totalmente prohibida la reproducci\u00f3n y\/o distribuci\u00f3n total o parcial de cualquier tipo de contenido por parte del usuario y\/o terceros de no existir autorizaci\u00f3n expresa por parte de SURPOL facultando o permitiendo la difusi\u00f3n de los mismos.<\/p>\n<p>En ning\u00fan caso el acceso al sitio web www.surpol.com implica permiso, renuncia, transmisi\u00f3n, licencia o cesi\u00f3n total ni parcial de los derechos mencionados por parte de los titulares ni ning\u00fan otro derecho de utilizaci\u00f3n, alteraci\u00f3n, explotaci\u00f3n, reproducci\u00f3n, distribuci\u00f3n o comunicaci\u00f3n p\u00fablica, salvo que SURPOL autorice de forma expresa lo contrario.<\/p>\n<p>Sin perjuicio de todo esto, si el usuario o un tercero estima que alg\u00fan contenido del sitio web www.surpol.com pudiera vulnerar derechos de terceros, rogamos as\u00ed lo ponga en nuestro conocimiento lo antes posible, mediante el formulario de contacto de este sitio web.<\/p>\n<p class=\"translation-block\"><b>Comentarios y sugerencias<br><\/b>Sus comentarios y sugerencias ser\u00e1n bien recibidas. Rogamos nos env\u00ede sus comentarios y sugerencias a trav\u00e9s de nuestro formulario de <span style=\"color: var( --e-global-color-text );font-size: 1rem\">\u00a0contacto.<\/span><\/p>\n<p class=\"translation-block\"><b>Modificaci\u00f3n del Aviso Legal<br><\/b>Lo que contiene este Aviso Legal tiene una duraci\u00f3n indefinida, y podr\u00e1 ser modificado en cualquier momento en atenci\u00f3n a la normativa vigente en cada momento ya los cambios que pudieran surgir de la actividad de SURPOL.<\/p>\n<p class=\"translation-block\"><b>Legislaci\u00f3n y jurisdicci\u00f3n aplicables<br><\/b>Lo que contiene este Aviso Legal y cualquiera de las pol\u00edticas de privacidad, cookies o normas sectoriales de aplicaci\u00f3n se rigen por las leyes espa\u00f1olas vigentes en cada momento. En caso de disputa o controversia, las partes se someter\u00e1n a la jurisdicci\u00f3n de los Juzgados y Tribunales competentes. En caso de que las partes consideren necesario recurrir a sistemas alternativos de resoluci\u00f3n de controversias, como el arbitraje o la mediaci\u00f3n, deber\u00e1n proponerlo y aceptarlo expresamente y por escrito en el momento en que surja la controversia, y siempre en base a lo que prev\u00e9 la normativa de aplicaci\u00f3n.<\/p>\t\t\t\t\t\t\t\t<\/div>\n\t\t\t\t<\/div>\n\t\t\t\t\t<\/div>\n\t\t<\/div>\n\t\t\t\t\t<\/div>\n\t\t<\/section>\n\t\t\t\t<\/div>","protected":false},"excerpt":{"rendered":"<p>Titularitat del Lloc Web www.surpol.com \u00e9s un lloc web el nom de domini del qual es troba registrat i \u00e9s propietat d&#8217;Actuacions Preventives a L&#8217;Empresa, S.L (d&#8217;ara endavant SURPOL) amb domicili a Carrer Sant Pere 58 &#8211; 08370 Calella, amb NIF B62324587. A www.surpol.com s&#8217;informa dels serveis prestats en relaci\u00f3 amb la Prevenci\u00f3 de riscos [&hellip;]<\/p>\n","protected":false},"author":2,"featured_media":0,"parent":0,"menu_order":0,"comment_status":"closed","ping_status":"closed","template":"","meta":{"footnotes":""},"class_list":["post-716","page","type-page","status-publish","hentry"],"yoast_head":"<!-- This site is optimized with the Yoast SEO Premium plugin v22.9 (Yoast SEO v27.3) - https:\/\/yoast.com\/product\/yoast-seo-premium-wordpress\/ -->\n<title>Avis Legal - Surpol<\/title>\n<meta name=\"robots\" content=\"noindex, follow\" \/>\n<meta property=\"og:locale\" content=\"es_ES\" \/>\n<meta property=\"og:type\" content=\"article\" \/>\n<meta property=\"og:title\" content=\"Avis Legal\" \/>\n<meta property=\"og:description\" content=\"Titularitat del Lloc Web www.surpol.com \u00e9s un lloc web el nom de domini del qual es troba registrat i \u00e9s propietat d&#8217;Actuacions Preventives a L&#8217;Empresa, S.L (d&#8217;ara endavant SURPOL) amb domicili a Carrer Sant Pere 58 &#8211; 08370 Calella, amb NIF B62324587. A www.surpol.com s&#8217;informa dels serveis prestats en relaci\u00f3 amb la Prevenci\u00f3 de riscos [&hellip;]\" \/>\n<meta property=\"og:url\" content=\"https:\/\/www.surpol.com\/es\/avis-legal\/\" \/>\n<meta property=\"og:site_name\" content=\"Surpol\" \/>\n<meta property=\"article:modified_time\" content=\"2024-01-29T09:54:24+00:00\" \/>\n<meta name=\"twitter:card\" content=\"summary_large_image\" \/>\n<meta name=\"twitter:label1\" content=\"Tiempo de lectura\" \/>\n\t<meta name=\"twitter:data1\" content=\"5 minutos\" \/>\n<script type=\"application\/ld+json\" class=\"yoast-schema-graph\">{\"@context\":\"https:\\\/\\\/schema.org\",\"@graph\":[{\"@type\":\"WebPage\",\"@id\":\"https:\\\/\\\/www.surpol.com\\\/avis-legal\\\/\",\"url\":\"https:\\\/\\\/www.surpol.com\\\/avis-legal\\\/\",\"name\":\"Avis Legal - Surpol\",\"isPartOf\":{\"@id\":\"https:\\\/\\\/www.surpol.com\\\/#website\"},\"datePublished\":\"2023-12-01T14:17:20+00:00\",\"dateModified\":\"2024-01-29T09:54:24+00:00\",\"breadcrumb\":{\"@id\":\"https:\\\/\\\/www.surpol.com\\\/avis-legal\\\/#breadcrumb\"},\"inLanguage\":\"es\",\"potentialAction\":[{\"@type\":\"ReadAction\",\"target\":[\"https:\\\/\\\/www.surpol.com\\\/avis-legal\\\/\"]}]},{\"@type\":\"BreadcrumbList\",\"@id\":\"https:\\\/\\\/www.surpol.com\\\/avis-legal\\\/#breadcrumb\",\"itemListElement\":[{\"@type\":\"ListItem\",\"position\":1,\"name\":\"Inici\",\"item\":\"https:\\\/\\\/www.surpol.com\\\/\"},{\"@type\":\"ListItem\",\"position\":2,\"name\":\"Avis Legal\"}]},{\"@type\":\"WebSite\",\"@id\":\"https:\\\/\\\/www.surpol.com\\\/#website\",\"url\":\"https:\\\/\\\/www.surpol.com\\\/\",\"name\":\"Surpol - Prevenci\u00f3 en Riscos Laborals\",\"description\":\"Prevenci\u00f3 de riscos laborals\",\"publisher\":{\"@id\":\"https:\\\/\\\/www.surpol.com\\\/#organization\"},\"alternateName\":\"Surpol - Gestion PRL\",\"potentialAction\":[{\"@type\":\"SearchAction\",\"target\":{\"@type\":\"EntryPoint\",\"urlTemplate\":\"https:\\\/\\\/www.surpol.com\\\/?s={search_term_string}\"},\"query-input\":{\"@type\":\"PropertyValueSpecification\",\"valueRequired\":true,\"valueName\":\"search_term_string\"}}],\"inLanguage\":\"es\"},{\"@type\":\"Organization\",\"@id\":\"https:\\\/\\\/www.surpol.com\\\/#organization\",\"name\":\"Surpol\",\"url\":\"https:\\\/\\\/www.surpol.com\\\/\",\"logo\":{\"@type\":\"ImageObject\",\"inLanguage\":\"es\",\"@id\":\"https:\\\/\\\/www.surpol.com\\\/#\\\/schema\\\/logo\\\/image\\\/\",\"url\":\"https:\\\/\\\/www.surpol.com\\\/wp-content\\\/uploads\\\/2024\\\/01\\\/cropped-logo4.png\",\"contentUrl\":\"https:\\\/\\\/www.surpol.com\\\/wp-content\\\/uploads\\\/2024\\\/01\\\/cropped-logo4.png\",\"width\":500,\"height\":268,\"caption\":\"Surpol\"},\"image\":{\"@id\":\"https:\\\/\\\/www.surpol.com\\\/#\\\/schema\\\/logo\\\/image\\\/\"}}]}<\/script>\n<!-- \/ Yoast SEO Premium plugin. -->","yoast_head_json":{"title":"Avis Legal - Surpol","robots":{"index":"noindex","follow":"follow"},"og_locale":"es_ES","og_type":"article","og_title":"Avis Legal","og_description":"Titularitat del Lloc Web www.surpol.com \u00e9s un lloc web el nom de domini del qual es troba registrat i \u00e9s propietat d&#8217;Actuacions Preventives a L&#8217;Empresa, S.L (d&#8217;ara endavant SURPOL) amb domicili a Carrer Sant Pere 58 &#8211; 08370 Calella, amb NIF B62324587. A www.surpol.com s&#8217;informa dels serveis prestats en relaci\u00f3 amb la Prevenci\u00f3 de riscos [&hellip;]","og_url":"https:\/\/www.surpol.com\/es\/avis-legal\/","og_site_name":"Surpol","article_modified_time":"2024-01-29T09:54:24+00:00","twitter_card":"summary_large_image","twitter_misc":{"Tiempo de lectura":"5 minutos"},"schema":{"@context":"https:\/\/schema.org","@graph":[{"@type":"WebPage","@id":"https:\/\/www.surpol.com\/avis-legal\/","url":"https:\/\/www.surpol.com\/avis-legal\/","name":"Avis Legal - Surpol","isPartOf":{"@id":"https:\/\/www.surpol.com\/#website"},"datePublished":"2023-12-01T14:17:20+00:00","dateModified":"2024-01-29T09:54:24+00:00","breadcrumb":{"@id":"https:\/\/www.surpol.com\/avis-legal\/#breadcrumb"},"inLanguage":"es","potentialAction":[{"@type":"ReadAction","target":["https:\/\/www.surpol.com\/avis-legal\/"]}]},{"@type":"BreadcrumbList","@id":"https:\/\/www.surpol.com\/avis-legal\/#breadcrumb","itemListElement":[{"@type":"ListItem","position":1,"name":"Inici","item":"https:\/\/www.surpol.com\/"},{"@type":"ListItem","position":2,"name":"Avis Legal"}]},{"@type":"WebSite","@id":"https:\/\/www.surpol.com\/#website","url":"https:\/\/www.surpol.com\/","name":"Surpol - Prevenci\u00f3 en Riscos Laborals","description":"Prevenci\u00f3 de riscos laborals","publisher":{"@id":"https:\/\/www.surpol.com\/#organization"},"alternateName":"Surpol - Gestion PRL","potentialAction":[{"@type":"SearchAction","target":{"@type":"EntryPoint","urlTemplate":"https:\/\/www.surpol.com\/?s={search_term_string}"},"query-input":{"@type":"PropertyValueSpecification","valueRequired":true,"valueName":"search_term_string"}}],"inLanguage":"es"},{"@type":"Organization","@id":"https:\/\/www.surpol.com\/#organization","name":"Surpol","url":"https:\/\/www.surpol.com\/","logo":{"@type":"ImageObject","inLanguage":"es","@id":"https:\/\/www.surpol.com\/#\/schema\/logo\/image\/","url":"https:\/\/www.surpol.com\/wp-content\/uploads\/2024\/01\/cropped-logo4.png","contentUrl":"https:\/\/www.surpol.com\/wp-content\/uploads\/2024\/01\/cropped-logo4.png","width":500,"height":268,"caption":"Surpol"},"image":{"@id":"https:\/\/www.surpol.com\/#\/schema\/logo\/image\/"}}]}},"_links":{"self":[{"href":"https:\/\/www.surpol.com\/es\/wp-json\/wp\/v2\/pages\/716","targetHints":{"allow":["GET"]}}],"collection":[{"href":"https:\/\/www.surpol.com\/es\/wp-json\/wp\/v2\/pages"}],"about":[{"href":"https:\/\/www.surpol.com\/es\/wp-json\/wp\/v2\/types\/page"}],"author":[{"embeddable":true,"href":"https:\/\/www.surpol.com\/es\/wp-json\/wp\/v2\/users\/2"}],"replies":[{"embeddable":true,"href":"https:\/\/www.surpol.com\/es\/wp-json\/wp\/v2\/comments?post=716"}],"version-history":[{"count":0,"href":"https:\/\/www.surpol.com\/es\/wp-json\/wp\/v2\/pages\/716\/revisions"}],"wp:attachment":[{"href":"https:\/\/www.surpol.com\/es\/wp-json\/wp\/v2\/media?parent=716"}],"curies":[{"name":"wp","href":"https:\/\/api.w.org\/{rel}","templated":true}]}}