{"id":701,"date":"2023-12-01T13:12:13","date_gmt":"2023-12-01T12:12:13","guid":{"rendered":"https:\/\/www.surpol.com\/?page_id=701"},"modified":"2025-07-03T17:44:35","modified_gmt":"2025-07-03T15:44:35","slug":"politica-de-privadesa","status":"publish","type":"page","link":"https:\/\/www.surpol.com\/es\/politica-de-privadesa\/","title":{"rendered":"Pol\u00edtica de privacidad"},"content":{"rendered":"<div data-elementor-type=\"wp-page\" data-elementor-id=\"701\" class=\"elementor elementor-701\" data-elementor-post-type=\"page\">\n\t\t\t\t\t\t<section data-particle_enable=\"false\" data-particle-mobile-disabled=\"false\" class=\"elementor-section elementor-top-section elementor-element elementor-element-c8fd51b elementor-section-boxed elementor-section-height-default elementor-section-height-default\" data-id=\"c8fd51b\" data-element_type=\"section\" data-e-type=\"section\">\n\t\t\t\t\t\t<div class=\"elementor-container elementor-column-gap-default\">\n\t\t\t\t\t<div class=\"elementor-column elementor-col-100 elementor-top-column elementor-element elementor-element-7ec3066\" data-id=\"7ec3066\" data-element_type=\"column\" data-e-type=\"column\">\n\t\t\t<div class=\"elementor-widget-wrap elementor-element-populated\">\n\t\t\t\t\t\t<div class=\"elementor-element elementor-element-1249c75 elementor-widget elementor-widget-text-editor\" data-id=\"1249c75\" data-element_type=\"widget\" data-e-type=\"widget\" data-widget_type=\"text-editor.default\">\n\t\t\t\t<div class=\"elementor-widget-container\">\n\t\t\t\t\t\t\t\t\t<p class=\"translation-block\">Esta Pol\u00edtica de Privacidad describe c\u00f3mo <b>ACTUACIONS PREVENTIVES EN LA EMPRESA S.L.<\/b> (titular del sitio web), en lo sucesivo \u201c<b>SURPOL<\/b>\u201d recoge, procesa y utiliza la informaci\u00f3n personal de sus clientes y usuarios, siempre ampar\u00e1ndonos en nuestro compromiso con la privacidad y la seguridad de la informaci\u00f3n de los datos, siendo recogidos exclusivamente para fines determinados, expl\u00edcitos y leg\u00edtimos, no pudiendo ser tratados de manera incompatible con estos fines y en estricto cumplimiento de la normativa aplicable en materia de protecci\u00f3n de datos personales, en particular, el Reglamento General de Protecci\u00f3n de Datos (UE) 679\/2016 (en adelante, RGPD) y la Ley Org\u00e1nica 3\/2018 de Protecci\u00f3n de Datos Personales y Garant\u00eda de los Derechos Digitales (en adelante LOPDGDD).<\/p><p class=\"translation-block\">La Pol\u00edtica de Privacidad ser\u00e1 actualizada peri\u00f3dicamente con el objetivo de esclarecer o reflejar las nuevas pr\u00e1cticas en la gesti\u00f3n de la privacidad de nuestros usuarios o las modificaciones legislativas, jurisprudenciales o de interpretaci\u00f3n de la Agencia Espa\u00f1ola de Protecci\u00f3n de Datos u otras Autoridades de Control que puedan producirse y que debieran aplicarse y ser\u00e1 accesible en todo momento para consultarlo desde el sitio web <a href=\"https:\/\/www.surpol.com\/es\" target=\"_self\">www.surpol.com<\/a>.<\/p><p class=\"translation-block\"><b>Identificaci\u00f3n del responsable del tratamiento:<br><\/b>La entidad responsables del tratamiento de sus datos son:<\/p><p>ACTUACIONS PREVENTIVES A L&#8217;EMPRESA S.L.<br \/>B62324587<br \/>Carrer Sant Pere 58 &#8211; 08370 Calella.- +34 934537465<br \/>info@surpol.com<\/p><p class=\"translation-block\"><b>Medios a trav\u00e9s de los cuales tratamos sus datos por v\u00eda electr\u00f3nica:<br><\/b>Tratamos datos personales en los siguientes supuestos:<\/p><p class=\"translation-block\">\u2013 Visitas a nuestro sitio web;<br>\u2013 Interacci\u00f3n, conexi\u00f3n o enlaces con nuestro sitio web a trav\u00e9s de herramientas de redes sociales, blogs u otros sitios web;<br>\u2013 Uso de alguno de nuestros servicios de comunicaci\u00f3n electr\u00f3nica (nos remite documentaci\u00f3n, consulta o sugerencia a trav\u00e9s de nuestro correo electr\u00f3nico y\/o formularios de contacto)<br>\u2013 Creaci\u00f3n de cuentas de usuario y acceso a la cuenta de cliente<\/p><p class=\"translation-block\"><b>Con qu\u00e9 fines tratamos estos datos:<br><\/b>Desde SURPOL tratamos sus datos personales respetando los principios recogidos en la normativa aplicable y en particular el RGPD y la LOPDGDD. Los datos personales no se utilizar\u00e1n para finalidades distintas de las expuestas a continuaci\u00f3n:<\/p><p class=\"translation-block\"><b>Datos de clientes:<br><\/b>Los datos de nuestros clientes ser\u00e1n tratados con la finalidad de prestar los servicios contratados, as\u00ed como para realizar la gesti\u00f3n de facturaci\u00f3n fiscal, contable y administrativa de la relaci\u00f3n contractual que legitima el tratamiento de los datos.<\/p><p>Tambi\u00e9n podremos tratar los datos de nuestros clientes en base a nuestro inter\u00e9s leg\u00edtimo en hacerles llegar novedades o informaciones relacionadas con nuestra actividad, servicios y eventos a trav\u00e9s de nuestra newsletter.<\/p><p><b><span style=\"color: var( --e-global-color-text ); font-size: 1rem;\">Datos de usuarios web:<\/span><br \/><\/b><\/p><p>Los datos de navegaci\u00f3n de usuarios del sitio web ser\u00e1n tratados \u00fanicamente con fines estad\u00edsticos y de an\u00e1lisis, de conformidad con lo dispuesto en nuestra Pol\u00edtica de Cookies; as\u00ed como para facilitar informaci\u00f3n sobre nuestra actividad empresarial y, en su caso, para atender sus consultas y sugerencias.<\/p><p>A este respecto, podremos tratar datos como IP de acceso a la red de telecomunicaciones, datos de municipio de acceso al sitio web, Sistema Operativo y navegador utilizados por el usuario, p\u00e1ginas visitadas y tiempo de conexi\u00f3n.<\/p><p class=\"translation-block\"><b>Datos recogidos a trav\u00e9s de los formularios de contacto:<br><\/b>Tambi\u00e9n podremos (ver 'Identificaci\u00f3n del Responsable del Tratamiento', al principio), tratar datos personales si los interesados nos remiten documentaci\u00f3n, consultas, quejas o sugerencias a trav\u00e9s de los formularios de contacto habilitados al efecto en nuestro sitio web, con la \u00fanica finalidad de dar respuesta a la solicitud de las mismas.<\/p><p>En ning\u00fan caso trataremos datos, ni incorporaremos la informaci\u00f3n personal con finalidades distintas de las estipuladas, ni enviaremos comunicaciones comerciales por v\u00eda electr\u00f3nica sin autorizaci\u00f3n previa por parte del titular de los datos y\/o la debida base legal.<\/p><p>Los datos obligatorios de cada formulario ser\u00e1n identificados como tales. En caso de ausencia o incorrecci\u00f3n, SURPOL no podr\u00e1 identificarlo correctamente y, en consecuencia, se suprimir\u00e1 el registro de la consulta.<\/p><p class=\"translation-block\"><b>Datos de correos electr\u00f3nicos recibidos:<br><\/b>Tambi\u00e9n trataremos datos personales si los interesados remiten documentaci\u00f3n, consultas, quejas o sugerencias por correo electr\u00f3nico. En este caso, los datos ser\u00e1n tratados con la \u00fanica finalidad de dar respuesta a la comunicaci\u00f3n recibida.<\/p><p>En ning\u00fan caso trataremos datos, ni incorporaremos la informaci\u00f3n personal con finalidades distintas de las estipuladas, ni enviaremos comunicaciones comerciales por v\u00eda electr\u00f3nica sin autorizaci\u00f3n previa por parte del titular de los datos y\/o la debida base legal.<\/p><p class=\"translation-block\"><b>A qui\u00e9n comunicamos sus datos:<br><\/b>SURPOL (ver 'Responsables del Tratamiento al principio) garantiza la confidencialidad de los datos de car\u00e1cter personal, no comunic\u00e1ndolos a terceros sin la previa autorizaci\u00f3n del titular de los mismos y\/o la correspondiente base legal de legitimaci\u00f3n. Es por ello que, en virtud de las diferentes necesidades de SURPOL, podremos comunicar sus datos a los siguientes destinatarios:<\/p><p>Empresas Cliente:<\/p><p>SURPOL podr\u00e1 comunicar los datos de los empleados de las empresas cliente a las que SURPOL presta sus servicios \u00fanicamente de acuerdo con lo establecido por la normativa vigente en materia laboral, de prevenci\u00f3n de riesgos laborales, de la Seguridad Social, de protecci\u00f3n de datos y , en su caso, por otras obligaciones legales o vinculadas a decisiones de Juzgados y Tribunales.<\/p><p>Proveedores de servicios<\/p><p>SURPOL podr\u00e1 comunicar las datos de los empleados de las empresas cliente a las que SURPOL presta sus servicios \u00fanicamente de acuerdo con lo establecido por la normativa vigente en materia laboral, de prevenci\u00f3n de riesgos laborales, de la Seguridad Social, de protecci\u00f3n de datos y , en su caso, por otras obligaciones legales o vinculadas a decisiones de Juzgados y Tribunales.<\/p><p>Los proveedores siempre tratar\u00e1n sus datos personales como encargados del tratamiento en nombre y por cuenta de SURPOL. En este caso, los proveedores tienen suscritos acuerdos de tratamiento de datos de car\u00e1cter personal limitando su tratamiento a las finalidades del servicio prestado; y siempre bajo las medidas de seguridad establecidas en la normativa vigente.<\/p><p>Administraci\u00f3n p\u00fablica y autoridades:<\/p><p>Podremos revelar sus datos y cualquier otra informaci\u00f3n que est\u00e9 en nuestro poder o que sea accesible a trav\u00e9s de nuestros sistemas y sea requerida de conformidad con las disposiciones legales y reglamentarias aplicables al caso en la Administraci\u00f3n p\u00fablica con competencia en la materia, as\u00ed como a las autoridades p\u00fablicas competentes. Todo esto por habilitaci\u00f3n legal y con la \u00fanica finalidad de cumplir con nuestras obligaciones y prevenir abusos de los servicios o actividades fraudulentas a los servicios prestados a trav\u00e9s de nuestro sitio web.<\/p><p class=\"translation-block\"><b>Ejercicio de derechos:<br><\/b>Si desea ejercitar sus derechos de acceso, rectificaci\u00f3n, supresi\u00f3n y oposici\u00f3n, as\u00ed como el derecho a la portabilidad ya la limitaci\u00f3n del tratamiento y, en su caso, revocar su consentimiento en aquellos casos en que \u00e9ste sea la base jur\u00eddica de legitimaci\u00f3n, info @SURPOL.com<\/p><p class=\"translation-block\">Tutela de derechos ante la Autoridad de Control:<br>En cualquier supuesto de vulneraci\u00f3n de sus derechos en materia de protecci\u00f3n de datos, puede dirigirse a la Agencia Espa\u00f1ola de Protecci\u00f3n de Datos (www.aepd.es).<\/p><p class=\"translation-block\"><b>Conservaci\u00f3n de los datos:<br><\/b>Los datos referidos a nuestros clientes y usuarios (incluyendo, en su caso, grabaciones telef\u00f3nicas), se conservar\u00e1n por el tiempo necesario para atender la finalidad para la que hubieran sido recogidas ya las obligaciones legales derivadas de la misma.<\/p><p>Los datos referentes a las consultas formuladas por los usuarios a trav\u00e9s de los formularios web y\/o correo electr\u00f3nico; salvo legitimaci\u00f3n en contrario, por tiempo m\u00e1ximo de un a\u00f1o desde la fecha en que fueron recogidos.<\/p><p>Los datos recogidos a trav\u00e9s de cookies, plug-in de redes sociales y datos de navegaci\u00f3n de usuarios web, tendr\u00e1n un per\u00edodo de conservaci\u00f3n m\u00e1ximo de un a\u00f1o desde la recogida.<\/p><p class=\"translation-block\"><b>Contacto con nuestro DPD:<br><\/b>Puede dirigirse a nuestro Delegado de Protecci\u00f3n de Datos (DPD) enviando un correo electr\u00f3nico a: info@surpol.com.<\/p><p class=\"translation-block\"><b>Medidas de Seguridad:<br><\/b>SURPOL ha implantado las medidas de seguridad necesarias para garantizar un uso y tratamiento eficaz de los datos de car\u00e1cter personal facilitados por el usuario, salvaguardando su intimidad, privacidad, confidencialidad e integridad, cumpliendo con los requisitos normativos previstos por la normativa aplicable y haciendo uso de los medios t\u00e9cnicos necesarios para evitar la alteraci\u00f3n, p\u00e9rdida, acceso no autorizado o tratamiento de sus datos, seg\u00fan el estado de la tecnolog\u00eda en cada momento, as\u00ed como el alcance de control de SURPOL.<\/p><p class=\"translation-block\"><b>Normativa relacionada<br><\/b>Si desea obtener m\u00e1s informaci\u00f3n sobre la normativa que le asiste, protege y fija sus derechos, ponemos a su disposici\u00f3n las leyes que han inspirado esta pol\u00edtica y son relevantes para usted:<\/p><p class=\"translation-block\">Reglamento General de Protecci\u00f3n de Datos UE 2016\/679<br>Ley Org\u00e1nica 3\/2018 de Protecci\u00f3n de Datos Personales y Garant\u00eda de los Derechos Digitales<br>Ley 34\/2002, de 11 de julio, de servicios de la sociedad de la informaci\u00f3n y de comercio electr\u00f3nico<\/p>\t\t\t\t\t\t\t\t<\/div>\n\t\t\t\t<\/div>\n\t\t\t\t\t<\/div>\n\t\t<\/div>\n\t\t\t\t\t<\/div>\n\t\t<\/section>\n\t\t\t\t<\/div>","protected":false},"excerpt":{"rendered":"<p>Aquesta Pol\u00edtica de Privadesa descriu com ACTUACIONS PREVENTIVES A L&#8217;EMPRESA S.L. (titular del lloc web), en endavant \u201cSURPOL\u201d recull, processa i utilitza la informaci\u00f3 personal dels seus clients i usuaris, sempre emparant-nos en el nostre comprom\u00eds amb la privadesa i la seguretat de la informaci\u00f3 de les dades, essent recollides exclusivament per a fins determinats, [&hellip;]<\/p>\n","protected":false},"author":2,"featured_media":0,"parent":0,"menu_order":0,"comment_status":"closed","ping_status":"closed","template":"","meta":{"footnotes":""},"class_list":["post-701","page","type-page","status-publish","hentry"],"yoast_head":"<!-- This site is optimized with the Yoast SEO Premium plugin v22.9 (Yoast SEO v27.3) - https:\/\/yoast.com\/product\/yoast-seo-premium-wordpress\/ -->\n<title>Pol\u00edtica de privadesa - Surpol<\/title>\n<meta name=\"robots\" content=\"noindex, nofollow\" \/>\n<meta property=\"og:locale\" content=\"es_ES\" \/>\n<meta property=\"og:type\" content=\"article\" \/>\n<meta property=\"og:title\" content=\"Pol\u00edtica de privadesa\" \/>\n<meta property=\"og:description\" content=\"Aquesta Pol\u00edtica de Privadesa descriu com ACTUACIONS PREVENTIVES A L&#8217;EMPRESA S.L. (titular del lloc web), en endavant \u201cSURPOL\u201d recull, processa i utilitza la informaci\u00f3 personal dels seus clients i usuaris, sempre emparant-nos en el nostre comprom\u00eds amb la privadesa i la seguretat de la informaci\u00f3 de les dades, essent recollides exclusivament per a fins determinats, [&hellip;]\" \/>\n<meta property=\"og:url\" content=\"https:\/\/www.surpol.com\/es\/politica-de-privadesa\/\" \/>\n<meta property=\"og:site_name\" content=\"Surpol\" \/>\n<meta property=\"article:modified_time\" content=\"2025-07-03T15:44:35+00:00\" \/>\n<meta name=\"twitter:card\" content=\"summary_large_image\" \/>\n<meta name=\"twitter:label1\" content=\"Tiempo de lectura\" \/>\n\t<meta name=\"twitter:data1\" content=\"8 minutos\" \/>\n<script type=\"application\/ld+json\" class=\"yoast-schema-graph\">{\"@context\":\"https:\\\/\\\/schema.org\",\"@graph\":[{\"@type\":\"WebPage\",\"@id\":\"https:\\\/\\\/www.surpol.com\\\/politica-de-privadesa\\\/\",\"url\":\"https:\\\/\\\/www.surpol.com\\\/politica-de-privadesa\\\/\",\"name\":\"Pol\u00edtica de privadesa - Surpol\",\"isPartOf\":{\"@id\":\"https:\\\/\\\/www.surpol.com\\\/#website\"},\"datePublished\":\"2023-12-01T12:12:13+00:00\",\"dateModified\":\"2025-07-03T15:44:35+00:00\",\"breadcrumb\":{\"@id\":\"https:\\\/\\\/www.surpol.com\\\/politica-de-privadesa\\\/#breadcrumb\"},\"inLanguage\":\"es\",\"potentialAction\":[{\"@type\":\"ReadAction\",\"target\":[\"https:\\\/\\\/www.surpol.com\\\/politica-de-privadesa\\\/\"]}]},{\"@type\":\"BreadcrumbList\",\"@id\":\"https:\\\/\\\/www.surpol.com\\\/politica-de-privadesa\\\/#breadcrumb\",\"itemListElement\":[{\"@type\":\"ListItem\",\"position\":1,\"name\":\"Inici\",\"item\":\"https:\\\/\\\/www.surpol.com\\\/\"},{\"@type\":\"ListItem\",\"position\":2,\"name\":\"Pol\u00edtica de privadesa\"}]},{\"@type\":\"WebSite\",\"@id\":\"https:\\\/\\\/www.surpol.com\\\/#website\",\"url\":\"https:\\\/\\\/www.surpol.com\\\/\",\"name\":\"Surpol - Prevenci\u00f3 en Riscos Laborals\",\"description\":\"Prevenci\u00f3 de riscos laborals\",\"publisher\":{\"@id\":\"https:\\\/\\\/www.surpol.com\\\/#organization\"},\"alternateName\":\"Surpol - Gestion PRL\",\"potentialAction\":[{\"@type\":\"SearchAction\",\"target\":{\"@type\":\"EntryPoint\",\"urlTemplate\":\"https:\\\/\\\/www.surpol.com\\\/?s={search_term_string}\"},\"query-input\":{\"@type\":\"PropertyValueSpecification\",\"valueRequired\":true,\"valueName\":\"search_term_string\"}}],\"inLanguage\":\"es\"},{\"@type\":\"Organization\",\"@id\":\"https:\\\/\\\/www.surpol.com\\\/#organization\",\"name\":\"Surpol\",\"url\":\"https:\\\/\\\/www.surpol.com\\\/\",\"logo\":{\"@type\":\"ImageObject\",\"inLanguage\":\"es\",\"@id\":\"https:\\\/\\\/www.surpol.com\\\/#\\\/schema\\\/logo\\\/image\\\/\",\"url\":\"https:\\\/\\\/www.surpol.com\\\/wp-content\\\/uploads\\\/2024\\\/01\\\/cropped-logo4.png\",\"contentUrl\":\"https:\\\/\\\/www.surpol.com\\\/wp-content\\\/uploads\\\/2024\\\/01\\\/cropped-logo4.png\",\"width\":500,\"height\":268,\"caption\":\"Surpol\"},\"image\":{\"@id\":\"https:\\\/\\\/www.surpol.com\\\/#\\\/schema\\\/logo\\\/image\\\/\"}}]}<\/script>\n<!-- \/ Yoast SEO Premium plugin. -->","yoast_head_json":{"title":"Pol\u00edtica de privadesa - Surpol","robots":{"index":"noindex","follow":"nofollow"},"og_locale":"es_ES","og_type":"article","og_title":"Pol\u00edtica de privadesa","og_description":"Aquesta Pol\u00edtica de Privadesa descriu com ACTUACIONS PREVENTIVES A L&#8217;EMPRESA S.L. (titular del lloc web), en endavant \u201cSURPOL\u201d recull, processa i utilitza la informaci\u00f3 personal dels seus clients i usuaris, sempre emparant-nos en el nostre comprom\u00eds amb la privadesa i la seguretat de la informaci\u00f3 de les dades, essent recollides exclusivament per a fins determinats, [&hellip;]","og_url":"https:\/\/www.surpol.com\/es\/politica-de-privadesa\/","og_site_name":"Surpol","article_modified_time":"2025-07-03T15:44:35+00:00","twitter_card":"summary_large_image","twitter_misc":{"Tiempo de lectura":"8 minutos"},"schema":{"@context":"https:\/\/schema.org","@graph":[{"@type":"WebPage","@id":"https:\/\/www.surpol.com\/politica-de-privadesa\/","url":"https:\/\/www.surpol.com\/politica-de-privadesa\/","name":"Pol\u00edtica de privadesa - Surpol","isPartOf":{"@id":"https:\/\/www.surpol.com\/#website"},"datePublished":"2023-12-01T12:12:13+00:00","dateModified":"2025-07-03T15:44:35+00:00","breadcrumb":{"@id":"https:\/\/www.surpol.com\/politica-de-privadesa\/#breadcrumb"},"inLanguage":"es","potentialAction":[{"@type":"ReadAction","target":["https:\/\/www.surpol.com\/politica-de-privadesa\/"]}]},{"@type":"BreadcrumbList","@id":"https:\/\/www.surpol.com\/politica-de-privadesa\/#breadcrumb","itemListElement":[{"@type":"ListItem","position":1,"name":"Inici","item":"https:\/\/www.surpol.com\/"},{"@type":"ListItem","position":2,"name":"Pol\u00edtica de privadesa"}]},{"@type":"WebSite","@id":"https:\/\/www.surpol.com\/#website","url":"https:\/\/www.surpol.com\/","name":"Surpol - Prevenci\u00f3 en Riscos Laborals","description":"Prevenci\u00f3 de riscos laborals","publisher":{"@id":"https:\/\/www.surpol.com\/#organization"},"alternateName":"Surpol - Gestion PRL","potentialAction":[{"@type":"SearchAction","target":{"@type":"EntryPoint","urlTemplate":"https:\/\/www.surpol.com\/?s={search_term_string}"},"query-input":{"@type":"PropertyValueSpecification","valueRequired":true,"valueName":"search_term_string"}}],"inLanguage":"es"},{"@type":"Organization","@id":"https:\/\/www.surpol.com\/#organization","name":"Surpol","url":"https:\/\/www.surpol.com\/","logo":{"@type":"ImageObject","inLanguage":"es","@id":"https:\/\/www.surpol.com\/#\/schema\/logo\/image\/","url":"https:\/\/www.surpol.com\/wp-content\/uploads\/2024\/01\/cropped-logo4.png","contentUrl":"https:\/\/www.surpol.com\/wp-content\/uploads\/2024\/01\/cropped-logo4.png","width":500,"height":268,"caption":"Surpol"},"image":{"@id":"https:\/\/www.surpol.com\/#\/schema\/logo\/image\/"}}]}},"_links":{"self":[{"href":"https:\/\/www.surpol.com\/es\/wp-json\/wp\/v2\/pages\/701","targetHints":{"allow":["GET"]}}],"collection":[{"href":"https:\/\/www.surpol.com\/es\/wp-json\/wp\/v2\/pages"}],"about":[{"href":"https:\/\/www.surpol.com\/es\/wp-json\/wp\/v2\/types\/page"}],"author":[{"embeddable":true,"href":"https:\/\/www.surpol.com\/es\/wp-json\/wp\/v2\/users\/2"}],"replies":[{"embeddable":true,"href":"https:\/\/www.surpol.com\/es\/wp-json\/wp\/v2\/comments?post=701"}],"version-history":[{"count":3,"href":"https:\/\/www.surpol.com\/es\/wp-json\/wp\/v2\/pages\/701\/revisions"}],"predecessor-version":[{"id":4101,"href":"https:\/\/www.surpol.com\/es\/wp-json\/wp\/v2\/pages\/701\/revisions\/4101"}],"wp:attachment":[{"href":"https:\/\/www.surpol.com\/es\/wp-json\/wp\/v2\/media?parent=701"}],"curies":[{"name":"wp","href":"https:\/\/api.w.org\/{rel}","templated":true}]}}