{"id":446,"date":"2023-11-27T07:37:14","date_gmt":"2023-11-27T06:37:14","guid":{"rendered":"https:\/\/www.surpol.com\/?page_id=446"},"modified":"2025-06-02T09:41:57","modified_gmt":"2025-06-02T07:41:57","slug":"material-epi","status":"publish","type":"page","link":"https:\/\/www.surpol.com\/es\/material-epi\/","title":{"rendered":"Material E.P.I."},"content":{"rendered":"<div data-elementor-type=\"wp-post\" data-elementor-id=\"446\" class=\"elementor elementor-446\" data-elementor-post-type=\"page\">\n\t\t\t\t\t\t<section data-particle_enable=\"false\" data-particle-mobile-disabled=\"false\" class=\"elementor-section elementor-top-section elementor-element elementor-element-c75722d elementor-section-height-min-height elementor-section-boxed elementor-section-height-default elementor-section-items-middle\" data-id=\"c75722d\" data-element_type=\"section\" data-e-type=\"section\" data-settings=\"{&quot;background_background&quot;:&quot;classic&quot;}\">\n\t\t\t\t\t\t\t<div class=\"elementor-background-overlay\"><\/div>\n\t\t\t\t\t\t\t<div class=\"elementor-container elementor-column-gap-default\">\n\t\t\t\t\t<div class=\"elementor-column elementor-col-100 elementor-top-column elementor-element elementor-element-b70907e\" data-id=\"b70907e\" data-element_type=\"column\" data-e-type=\"column\">\n\t\t\t<div class=\"elementor-widget-wrap elementor-element-populated\">\n\t\t\t\t\t\t<div class=\"elementor-element elementor-element-ac67340 elementor-widget elementor-widget-heading\" data-id=\"ac67340\" data-element_type=\"widget\" data-e-type=\"widget\" data-widget_type=\"heading.default\">\n\t\t\t\t<div class=\"elementor-widget-container\">\n\t\t\t\t\t<h2 class=\"elementor-heading-title elementor-size-default\">material E.P.I.<\/h2>\t\t\t\t<\/div>\n\t\t\t\t<\/div>\n\t\t\t\t\t<\/div>\n\t\t<\/div>\n\t\t\t\t\t<\/div>\n\t\t<\/section>\n\t\t\t\t<section data-particle_enable=\"false\" data-particle-mobile-disabled=\"false\" class=\"elementor-section elementor-top-section elementor-element elementor-element-dd7ee5e elementor-section-boxed elementor-section-height-default elementor-section-height-default\" data-id=\"dd7ee5e\" data-element_type=\"section\" data-e-type=\"section\">\n\t\t\t\t\t\t\t<div class=\"elementor-background-overlay\"><\/div>\n\t\t\t\t\t\t\t<div class=\"elementor-container elementor-column-gap-default\">\n\t\t\t\t\t<div class=\"elementor-column elementor-col-100 elementor-top-column elementor-element elementor-element-78c0331\" data-id=\"78c0331\" data-element_type=\"column\" data-e-type=\"column\">\n\t\t\t<div class=\"elementor-widget-wrap elementor-element-populated\">\n\t\t\t\t\t\t<div class=\"elementor-element elementor-element-23533d2 elementor-widget elementor-widget-heading\" data-id=\"23533d2\" data-element_type=\"widget\" data-e-type=\"widget\" data-widget_type=\"heading.default\">\n\t\t\t\t<div class=\"elementor-widget-container\">\n\t\t\t\t\t<h1 class=\"elementor-heading-title elementor-size-default\">equipos de protecci\u00f3n individual<\/h1>\t\t\t\t<\/div>\n\t\t\t\t<\/div>\n\t\t\t\t<div class=\"elementor-element elementor-element-2585c0c elementor-widget elementor-widget-text-editor\" data-id=\"2585c0c\" data-element_type=\"widget\" data-e-type=\"widget\" data-widget_type=\"text-editor.default\">\n\t\t\t\t<div class=\"elementor-widget-container\">\n\t\t\t\t\t\t\t\t\t<p class=\"translation-block\">Descubre una <strong>gama completa E.P.I<\/strong> que hace que la seguridad para las personas trabajadoras sean un hecho a unos precios excepcionales.<\/p><p class=\"translation-block\">Los <strong>EPI<\/strong> son una inversi\u00f3n y en ning\u00fan caso son un gasto.<\/p><p class=\"translation-block\"><a href=\"https:\/\/www.surpol.com\/es\" target=\"_self\"><strong>SURPOL<\/strong> <\/a>se ha especializado desde su fundaci\u00f3n, a principios de los a\u00f1os 80' , al ofrecer los productos peso adecuados para las tareas que se realizan en cada momento. Cada trabajo necesita un EPI espec\u00edfico, <strong>los EPI deben ser concretos y adecuados<\/strong> para cada<br>persona y para cada tarea,<\/p><p class=\"translation-block\">Estudiamos cada caso de forma <strong>personalizada<\/strong> y si es necesario hacemos un estudio para conseguir la mejor protecci\u00f3n para <strong>garantizar la plena seguridad<\/strong> de cada persona trabajadora en cada momento y situaci\u00f3n.<\/p>\t\t\t\t\t\t\t\t<\/div>\n\t\t\t\t<\/div>\n\t\t\t\t<div class=\"elementor-element elementor-element-f563ca0 elementor-hidden-tablet elementor-hidden-mobile elementor-widget elementor-widget-text-editor\" data-id=\"f563ca0\" data-element_type=\"widget\" data-e-type=\"widget\" data-widget_type=\"text-editor.default\">\n\t\t\t\t<div class=\"elementor-widget-container\">\n\t\t\t\t\t\t\t\t\t<p class=\"translation-block\">Puedes consultar los cat\u00e1logos espec\u00edficos para cada necesidad de tu empresa y hacernos llegar tus <a href=\"https:\/\/www.surpol.com\/es\/contactar\/\" target=\"_self\">pedidos o consultas<\/a> relacionadas en la compra de material E.P.I.<\/p>\t\t\t\t\t\t\t\t<\/div>\n\t\t\t\t<\/div>\n\t\t\t\t<div class=\"elementor-element elementor-element-fd1029c elementor-hidden-mobile elementor-widget elementor-widget-ucaddon_image_accodion\" data-id=\"fd1029c\" data-element_type=\"widget\" data-e-type=\"widget\" data-widget_type=\"ucaddon_image_accodion.default\">\n\t\t\t\t<div class=\"elementor-widget-container\">\n\t\t\t\t\t<!-- start Image Accordion -->\n\t\t<link id='font-awesome-css' href='https:\/\/www.surpol.com\/wp-content\/plugins\/unlimited-elements-for-elementor-premium\/assets_libraries\/font-awesome5\/css\/fontawesome-all.min.css' type='text\/css' rel='stylesheet' >\n\t\t<link id='font-awesome-4-shim-css' href='https:\/\/www.surpol.com\/wp-content\/plugins\/unlimited-elements-for-elementor-premium\/assets_libraries\/font-awesome5\/css\/fontawesome-v4-shims.css' type='text\/css' rel='stylesheet' >\n\n\t\t\t<style type=\"text\/css\">\/* widget: Image Accordion *\/\n\n\t\t\t\r\n@keyframes uc_image_accodion_elementor_fd1029c__item-animation {\r\n  0% {\r\n            transform:scale(1.3);        \t\r\n        \t        \tfilter: blur(10px);\r\n\t\t\t\t\t\t        \t\r\n    \t    opacity: 0;\r\n  }\r\n  100% {\r\n            transform:scale(1);            \r\n        \t            filter: blur(0px);\r\n                        \r\n    \t\topacity: 1;\r\n  }\r\n}\r\n\t\t\t\r\n\t\t\t\r\n#uc_image_accodion_elementor_fd1029c .uc_image_accodion_holder{\r\n\topacity:0;\r\n}\r\n\r\n\r\n#uc_image_accodion_elementor_fd1029c .uc-entrance-animate {\r\n  opacity:1;\r\n}\r\n\r\n#uc_image_accodion_elementor_fd1029c .uc-entrance-animate {\r\n\tanimation: uc_image_accodion_elementor_fd1029c__item-animation 0.6s cubic-bezier(0.470, 0.000, 0.745, 0.715) both;\r\n}\r\n\r\n\t\t\t\n\n#uc_image_accodion_elementor_fd1029c * { \n\tbox-sizing: border-box; \n}\n#uc_image_accodion_elementor_fd1029c.uc_image_accodion .uc_content .uc_image_accodion_holder{\n\n  \ttransition: 1s;\n}\n\n#uc_image_accodion_elementor_fd1029c  a.uc_more_btn\n{\n  display:inline-block;\n  text-decoration:none; \n}\n\n#uc_image_accodion_elementor_fd1029c .uc_content{\n\tdisplay: flex;\n\tflex-wrap: wrap;\n    transform:rotate(0deg);\n}\n\n#uc_image_accodion_elementor_fd1029c .uc_content .uc_image_accodion_holder{\n\tdisplay: block;\n\tbackground-repeat: no-repeat;\n\tflex: 1;\n\ttext-align: center;\n\tposition: relative;\n\ttext-decoration: none;\n\ttransition: 1s;\n    overflow:hidden;\n    transform:skew(0deg);\n}\n#uc_image_accodion_elementor_fd1029c .uc_content .uc_image_accodion_holder.uc_hover{\n\tflex: 2;\n}\n\n\n#uc_image_accodion_elementor_fd1029c .uc_content .uc_image_accodion_holder .uc_overlay > * {\n    transform:skew(-0deg) rotate(-0deg);\n\n\n}\n#uc_image_accodion_elementor_fd1029c .uc_content .uc_image_accodion_holder .uc_overlay {\n    display: flex;\n    justify-content: center;\n    position: absolute;\n    top: 0;\n    right: 0;\n    bottom: 0;\n    left: 0;\n    transition:1s;\n\n}\n\n#uc_image_accodion_elementor_fd1029c .uc_content .uc_overlay .uc_overlay_inner {\n    z-index: 1;\n}\n#uc_image_accodion_elementor_fd1029c .uc_content .uc_overlay .uc_overlay_inner h2 {\n   \n\topacity: 0;\n    visibility: hidden;\n}\n\n#uc_image_accodion_elementor_fd1029c .uc_content .uc_image_accodion_holder.uc_hover .uc_overlay .uc_overlay_inner h2 {\n    opacity: 1;\n    visibility: visible;\n    transform: none;\n    transition: 1s;\n}\n\n  #uc_image_accodion_elementor_fd1029c .uc_content .uc_image_accodion_holder .uc_overlay .uc_overlay_inner h2 {\n      opacity: 1;\n      visibility: visible;\n      transition: 1s;\n  }\n\n#uc_image_accodion_elementor_fd1029c .uc_content .uc_overlay .uc_overlay_inner div.ue-content {\n\ttransform: translate3d(0,60px,0);\n\topacity: 0;\n    visibility: hidden;\n}\n\n#uc_image_accodion_elementor_fd1029c .uc_content .uc_image_accodion_holder.uc_hover .uc_overlay .uc_overlay_inner div.ue-content {\n    opacity: 1;\n    visibility: visible;\n    transform: none;\n    transition: 1s;\n}\n\n\n   #uc_image_accodion_elementor_fd1029c .uc_content { \n  \tflex-direction: column;\n}\n\n@media only screen and (max-width:800px){\n  #uc_image_accodion_elementor_fd1029c .uc_content {flex-direction: column;}\n}\n\n\n#uc_image_accodion_elementor_fd1029c .ue_item_icon\n{\n  line-height:1em;\n}\n\n#uc_image_accodion_elementor_fd1029c .ue_item_icon svg\n{\n  height:1em;\n  width:1em;\n}\n\n#uc_image_accodion_elementor_fd1029c .ue_subtitle\n{\n  display:block;\n}\n\n<\/style>\n\n\t\t\t<div class=\"uc_image_accodion\" id=\"uc_image_accodion_elementor_fd1029c\" data-mobilestart=\"\"  >\n  <div class=\"uc_content uc-items-wrapper\">\n    \n<div class=\"uc_image_accodion_holder\"  style=\"overflow:hidden;background-image: url(https:\/\/www.surpol.com\/wp-content\/uploads\/2024\/01\/marca.jpg); background-position:center center; background-size:cover;\" >\n  <div class=\"uc_overlay\">\n    <div class=\"uc_overlay_inner\">\n                        <h2 class=\"ue_title\"> Equipaci\u00f3n y vestuario <\/h2>\t\n             \n             \n                          <div class=\"ue-content\"> \n             <div class=\"ue_subtitle\"><span>Vestuario resistente, equipos de protecci\u00f3n y herramientas especializadas para entornos laborales seguros. Encuentra aqu\u00ed el material m\u00e1s adecuado para las necesidades de tu empresa.<\/span> <\/div>             <a href=\"http:\/\/www.surpol.com\/wp-content\/uploads\/2024\/01\/Equipacio-i-vesturari-SURPOL.pdf\" class=\"uc_more_btn\"  target='_blank'>Ver cat\u00e1logo<\/a>             <\/div>\n                           \n          \n                 \t\t\n    <\/div>\n  <\/div>\n<\/div>\n\n<div class=\"uc_image_accodion_holder\"  style=\"overflow:hidden;background-image: url(https:\/\/www.surpol.com\/wp-content\/uploads\/2024\/01\/liniadevida-vertical.jpg); background-position:center center; background-size:cover;\" >\n  <div class=\"uc_overlay\">\n    <div class=\"uc_overlay_inner\">\n                        <h2 class=\"ue_title\"> L\u00ednea de vida - Vertical <\/h2>\t\n             \n             \n                          <div class=\"ue-content\"> \n             <div class=\"ue_subtitle\"><span>Maximiza la seguridad vertical con esta selecci\u00f3n de material l\u00ednea de vida PRL. Dispositivos fiables, instalaci\u00f3n sencilla y certificada. Protege a los trabajadores en tareas en altura. Garant\u00eda de seguridad y cumplimiento normativo.<\/span> <\/div>             <a href=\"http:\/\/www.surpol.com\/wp-content\/uploads\/2024\/01\/linia-de-vida-vertical-SURPOL.pdf\" class=\"uc_more_btn\"  target='_blank'>Ver cat\u00e1logo<\/a>             <\/div>\n                           \n          \n                 \t\t\n    <\/div>\n  <\/div>\n<\/div>\n\n<div class=\"uc_image_accodion_holder\"  style=\"overflow:hidden;background-image: url(https:\/\/www.surpol.com\/wp-content\/uploads\/2024\/01\/liniadevida-horitzontal.jpg); background-position:center center; background-size:cover;\" >\n  <div class=\"uc_overlay\">\n    <div class=\"uc_overlay_inner\">\n                        <h2 class=\"ue_title\"> L\u00ednea de vida - Horizontal <\/h2>\t\n             \n             \n                          <div class=\"ue-content\"> \n             <div class=\"ue_subtitle\"><span>Protecci\u00f3n en horizontal para trabajadores en azoteas y superficies planas. Aseg\u00farate del cumplimiento normativo y la seguridad de tus empleados.<\/span> <\/div>             <a href=\"http:\/\/www.surpol.com\/wp-content\/uploads\/2024\/01\/linia-de-vida-horitzontal-SURPOL.pdf\" class=\"uc_more_btn\"  target='_blank'>Ver cat\u00e1logo<\/a>             <\/div>\n                           \n          \n                 \t\t\n    <\/div>\n  <\/div>\n<\/div>\n\n<div class=\"uc_image_accodion_holder\"  style=\"overflow:hidden;background-image: url(https:\/\/www.surpol.com\/wp-content\/uploads\/2024\/01\/anticaigudes.jpg); background-position:center center; background-size:cover;\" >\n  <div class=\"uc_overlay\">\n    <div class=\"uc_overlay_inner\">\n                        <h2 class=\"ue_title\"> antica\u00eddas <\/h2>\t\n             \n             \n                          <div class=\"ue-content\"> \n             <div class=\"ue_subtitle\"><span>Arn\u00e9s, cuerdas y dispositivos certificados para evitar ca\u00eddas en trabajos de altura. Garantiza la seguridad de los trabajadores en tareas en altura cumpliendo la actual normativa.<\/span> <\/div>             <a href=\"https:\/\/www.surpol.com\/wp-content\/uploads\/2025\/06\/Cataleg-anticaigudes_Surpol-2025-1-28.pdf\" class=\"uc_more_btn\"  target='_blank'>Ver cat\u00e1logo<\/a>             <\/div>\n                           \n          \n                 \t\t\n    <\/div>\n  <\/div>\n<\/div>\n\n  <\/div>\n<\/div>\n\t\t\t<!-- end Image Accordion -->\t\t\t\t<\/div>\n\t\t\t\t<\/div>\n\t\t\t\t<div class=\"elementor-element elementor-element-019b714 elementor-align-center elementor-widget elementor-widget-button\" data-id=\"019b714\" data-element_type=\"widget\" data-e-type=\"widget\" data-widget_type=\"button.default\">\n\t\t\t\t<div class=\"elementor-widget-container\">\n\t\t\t\t\t\t\t\t\t<div class=\"elementor-button-wrapper\">\n\t\t\t\t\t<a class=\"elementor-button elementor-button-link elementor-size-sm elementor-animation-grow\" href=\"https:\/\/www.surpol.com\/es\/contactar\/\">\n\t\t\t\t\t\t<span class=\"elementor-button-content-wrapper\">\n\t\t\t\t\t\t\t\t\t<span class=\"elementor-button-text\">contactar<\/span>\n\t\t\t\t\t<\/span>\n\t\t\t\t\t<\/a>\n\t\t\t\t<\/div>\n\t\t\t\t\t\t\t\t<\/div>\n\t\t\t\t<\/div>\n\t\t\t\t\t<\/div>\n\t\t<\/div>\n\t\t\t\t\t<\/div>\n\t\t<\/section>\n\t\t\t\t<\/div>","protected":false},"excerpt":{"rendered":"<p>Descubre una completa gama de productos para la prevenci\u00f3n de riesgos laborales que hacen de la seguridad una prioridad.<\/p>","protected":false},"author":2,"featured_media":1101,"parent":0,"menu_order":0,"comment_status":"closed","ping_status":"closed","template":"","meta":{"footnotes":""},"class_list":["post-446","page","type-page","status-publish","has-post-thumbnail","hentry"],"yoast_head":"<!-- This site is optimized with the Yoast SEO Premium plugin v22.9 (Yoast SEO v27.3) - https:\/\/yoast.com\/product\/yoast-seo-premium-wordpress\/ -->\n<title>Material E.P.I. - Surpol<\/title>\n<meta name=\"description\" content=\"Disposem d&#039;un ampli cataleg de material i productes per l&#039;equipaci\u00f3 de protecci\u00f3 individual laboral. M\u00e0xima garantia i seguretat.\" \/>\n<meta name=\"robots\" content=\"index, follow, max-snippet:-1, max-image-preview:large, max-video-preview:-1\" \/>\n<link rel=\"canonical\" href=\"https:\/\/www.surpol.com\/es\/material-epi\/\" \/>\n<meta property=\"og:locale\" content=\"es_ES\" \/>\n<meta property=\"og:type\" content=\"article\" \/>\n<meta property=\"og:title\" content=\"Material E.P.I.\" \/>\n<meta property=\"og:description\" content=\"Disposem d&#039;un ampli cataleg de material i productes per l&#039;equipaci\u00f3 de protecci\u00f3 individual laboral. M\u00e0xima garantia i seguretat.\" \/>\n<meta property=\"og:url\" content=\"https:\/\/www.surpol.com\/es\/material-epi\/\" \/>\n<meta property=\"og:site_name\" content=\"Surpol\" \/>\n<meta property=\"article:modified_time\" content=\"2025-06-02T07:41:57+00:00\" \/>\n<meta property=\"og:image\" content=\"https:\/\/www.surpol.com\/wp-content\/uploads\/2024\/01\/variedad-herramientas-que-incluyen-casco-guantes-otras-herramientas-scaled-1.jpg\" \/>\n\t<meta property=\"og:image:width\" content=\"2560\" \/>\n\t<meta property=\"og:image:height\" content=\"1435\" \/>\n\t<meta property=\"og:image:type\" content=\"image\/jpeg\" \/>\n<meta name=\"twitter:card\" content=\"summary_large_image\" \/>\n<meta name=\"twitter:label1\" content=\"Tiempo de lectura\" \/>\n\t<meta name=\"twitter:data1\" content=\"2 minutos\" \/>\n<script type=\"application\/ld+json\" class=\"yoast-schema-graph\">{\"@context\":\"https:\\\/\\\/schema.org\",\"@graph\":[{\"@type\":\"WebPage\",\"@id\":\"https:\\\/\\\/www.surpol.com\\\/material-epi\\\/\",\"url\":\"https:\\\/\\\/www.surpol.com\\\/material-epi\\\/\",\"name\":\"Material E.P.I. - Surpol\",\"isPartOf\":{\"@id\":\"https:\\\/\\\/www.surpol.com\\\/#website\"},\"primaryImageOfPage\":{\"@id\":\"https:\\\/\\\/www.surpol.com\\\/material-epi\\\/#primaryimage\"},\"image\":{\"@id\":\"https:\\\/\\\/www.surpol.com\\\/material-epi\\\/#primaryimage\"},\"thumbnailUrl\":\"https:\\\/\\\/www.surpol.com\\\/wp-content\\\/uploads\\\/2024\\\/01\\\/variedad-herramientas-que-incluyen-casco-guantes-otras-herramientas-scaled-1.jpg\",\"datePublished\":\"2023-11-27T06:37:14+00:00\",\"dateModified\":\"2025-06-02T07:41:57+00:00\",\"description\":\"Disposem d'un ampli cataleg de material i productes per l'equipaci\u00f3 de protecci\u00f3 individual laboral. M\u00e0xima garantia i seguretat.\",\"breadcrumb\":{\"@id\":\"https:\\\/\\\/www.surpol.com\\\/material-epi\\\/#breadcrumb\"},\"inLanguage\":\"es\",\"potentialAction\":[{\"@type\":\"ReadAction\",\"target\":[\"https:\\\/\\\/www.surpol.com\\\/material-epi\\\/\"]}]},{\"@type\":\"ImageObject\",\"inLanguage\":\"es\",\"@id\":\"https:\\\/\\\/www.surpol.com\\\/material-epi\\\/#primaryimage\",\"url\":\"https:\\\/\\\/www.surpol.com\\\/wp-content\\\/uploads\\\/2024\\\/01\\\/variedad-herramientas-que-incluyen-casco-guantes-otras-herramientas-scaled-1.jpg\",\"contentUrl\":\"https:\\\/\\\/www.surpol.com\\\/wp-content\\\/uploads\\\/2024\\\/01\\\/variedad-herramientas-que-incluyen-casco-guantes-otras-herramientas-scaled-1.jpg\",\"width\":2560,\"height\":1435},{\"@type\":\"BreadcrumbList\",\"@id\":\"https:\\\/\\\/www.surpol.com\\\/material-epi\\\/#breadcrumb\",\"itemListElement\":[{\"@type\":\"ListItem\",\"position\":1,\"name\":\"Inici\",\"item\":\"https:\\\/\\\/www.surpol.com\\\/\"},{\"@type\":\"ListItem\",\"position\":2,\"name\":\"Material E.P.I.\"}]},{\"@type\":\"WebSite\",\"@id\":\"https:\\\/\\\/www.surpol.com\\\/#website\",\"url\":\"https:\\\/\\\/www.surpol.com\\\/\",\"name\":\"Surpol - Prevenci\u00f3 en Riscos Laborals\",\"description\":\"Prevenci\u00f3 de riscos laborals\",\"publisher\":{\"@id\":\"https:\\\/\\\/www.surpol.com\\\/#organization\"},\"alternateName\":\"Surpol - Gestion PRL\",\"potentialAction\":[{\"@type\":\"SearchAction\",\"target\":{\"@type\":\"EntryPoint\",\"urlTemplate\":\"https:\\\/\\\/www.surpol.com\\\/?s={search_term_string}\"},\"query-input\":{\"@type\":\"PropertyValueSpecification\",\"valueRequired\":true,\"valueName\":\"search_term_string\"}}],\"inLanguage\":\"es\"},{\"@type\":\"Organization\",\"@id\":\"https:\\\/\\\/www.surpol.com\\\/#organization\",\"name\":\"Surpol\",\"url\":\"https:\\\/\\\/www.surpol.com\\\/\",\"logo\":{\"@type\":\"ImageObject\",\"inLanguage\":\"es\",\"@id\":\"https:\\\/\\\/www.surpol.com\\\/#\\\/schema\\\/logo\\\/image\\\/\",\"url\":\"https:\\\/\\\/www.surpol.com\\\/wp-content\\\/uploads\\\/2024\\\/01\\\/cropped-logo4.png\",\"contentUrl\":\"https:\\\/\\\/www.surpol.com\\\/wp-content\\\/uploads\\\/2024\\\/01\\\/cropped-logo4.png\",\"width\":500,\"height\":268,\"caption\":\"Surpol\"},\"image\":{\"@id\":\"https:\\\/\\\/www.surpol.com\\\/#\\\/schema\\\/logo\\\/image\\\/\"}}]}<\/script>\n<!-- \/ Yoast SEO Premium plugin. -->","yoast_head_json":{"title":"Material E.P.I. - Surpol","description":"Disponemos de un amplio cat\u00e1logo de material y productos para la equipaci\u00f3n de protecci\u00f3n individual laboral. M\u00e1xima garant\u00eda y seguridad.","robots":{"index":"index","follow":"follow","max-snippet":"max-snippet:-1","max-image-preview":"max-image-preview:large","max-video-preview":"max-video-preview:-1"},"canonical":"https:\/\/www.surpol.com\/es\/material-epi\/","og_locale":"es_ES","og_type":"article","og_title":"Material E.P.I.","og_description":"Disposem d'un ampli cataleg de material i productes per l'equipaci\u00f3 de protecci\u00f3 individual laboral. M\u00e0xima garantia i seguretat.","og_url":"https:\/\/www.surpol.com\/es\/material-epi\/","og_site_name":"Surpol","article_modified_time":"2025-06-02T07:41:57+00:00","og_image":[{"width":2560,"height":1435,"url":"https:\/\/www.surpol.com\/wp-content\/uploads\/2024\/01\/variedad-herramientas-que-incluyen-casco-guantes-otras-herramientas-scaled-1.jpg","type":"image\/jpeg"}],"twitter_card":"summary_large_image","twitter_misc":{"Tiempo de lectura":"2 minutos"},"schema":{"@context":"https:\/\/schema.org","@graph":[{"@type":"WebPage","@id":"https:\/\/www.surpol.com\/material-epi\/","url":"https:\/\/www.surpol.com\/material-epi\/","name":"Material E.P.I. - Surpol","isPartOf":{"@id":"https:\/\/www.surpol.com\/#website"},"primaryImageOfPage":{"@id":"https:\/\/www.surpol.com\/material-epi\/#primaryimage"},"image":{"@id":"https:\/\/www.surpol.com\/material-epi\/#primaryimage"},"thumbnailUrl":"https:\/\/www.surpol.com\/wp-content\/uploads\/2024\/01\/variedad-herramientas-que-incluyen-casco-guantes-otras-herramientas-scaled-1.jpg","datePublished":"2023-11-27T06:37:14+00:00","dateModified":"2025-06-02T07:41:57+00:00","description":"Disponemos de un amplio cat\u00e1logo de material y productos para la equipaci\u00f3n de protecci\u00f3n individual laboral. M\u00e1xima garant\u00eda y seguridad.","breadcrumb":{"@id":"https:\/\/www.surpol.com\/material-epi\/#breadcrumb"},"inLanguage":"es","potentialAction":[{"@type":"ReadAction","target":["https:\/\/www.surpol.com\/material-epi\/"]}]},{"@type":"ImageObject","inLanguage":"es","@id":"https:\/\/www.surpol.com\/material-epi\/#primaryimage","url":"https:\/\/www.surpol.com\/wp-content\/uploads\/2024\/01\/variedad-herramientas-que-incluyen-casco-guantes-otras-herramientas-scaled-1.jpg","contentUrl":"https:\/\/www.surpol.com\/wp-content\/uploads\/2024\/01\/variedad-herramientas-que-incluyen-casco-guantes-otras-herramientas-scaled-1.jpg","width":2560,"height":1435},{"@type":"BreadcrumbList","@id":"https:\/\/www.surpol.com\/material-epi\/#breadcrumb","itemListElement":[{"@type":"ListItem","position":1,"name":"Inici","item":"https:\/\/www.surpol.com\/"},{"@type":"ListItem","position":2,"name":"Material E.P.I."}]},{"@type":"WebSite","@id":"https:\/\/www.surpol.com\/#website","url":"https:\/\/www.surpol.com\/","name":"Surpol - Prevenci\u00f3 en Riscos Laborals","description":"Prevenci\u00f3 de riscos laborals","publisher":{"@id":"https:\/\/www.surpol.com\/#organization"},"alternateName":"Surpol - Gestion PRL","potentialAction":[{"@type":"SearchAction","target":{"@type":"EntryPoint","urlTemplate":"https:\/\/www.surpol.com\/?s={search_term_string}"},"query-input":{"@type":"PropertyValueSpecification","valueRequired":true,"valueName":"search_term_string"}}],"inLanguage":"es"},{"@type":"Organization","@id":"https:\/\/www.surpol.com\/#organization","name":"Surpol","url":"https:\/\/www.surpol.com\/","logo":{"@type":"ImageObject","inLanguage":"es","@id":"https:\/\/www.surpol.com\/#\/schema\/logo\/image\/","url":"https:\/\/www.surpol.com\/wp-content\/uploads\/2024\/01\/cropped-logo4.png","contentUrl":"https:\/\/www.surpol.com\/wp-content\/uploads\/2024\/01\/cropped-logo4.png","width":500,"height":268,"caption":"Surpol"},"image":{"@id":"https:\/\/www.surpol.com\/#\/schema\/logo\/image\/"}}]}},"_links":{"self":[{"href":"https:\/\/www.surpol.com\/es\/wp-json\/wp\/v2\/pages\/446","targetHints":{"allow":["GET"]}}],"collection":[{"href":"https:\/\/www.surpol.com\/es\/wp-json\/wp\/v2\/pages"}],"about":[{"href":"https:\/\/www.surpol.com\/es\/wp-json\/wp\/v2\/types\/page"}],"author":[{"embeddable":true,"href":"https:\/\/www.surpol.com\/es\/wp-json\/wp\/v2\/users\/2"}],"replies":[{"embeddable":true,"href":"https:\/\/www.surpol.com\/es\/wp-json\/wp\/v2\/comments?post=446"}],"version-history":[{"count":3,"href":"https:\/\/www.surpol.com\/es\/wp-json\/wp\/v2\/pages\/446\/revisions"}],"predecessor-version":[{"id":3856,"href":"https:\/\/www.surpol.com\/es\/wp-json\/wp\/v2\/pages\/446\/revisions\/3856"}],"wp:featuredmedia":[{"embeddable":true,"href":"https:\/\/www.surpol.com\/es\/wp-json\/wp\/v2\/media\/1101"}],"wp:attachment":[{"href":"https:\/\/www.surpol.com\/es\/wp-json\/wp\/v2\/media?parent=446"}],"curies":[{"name":"wp","href":"https:\/\/api.w.org\/{rel}","templated":true}]}}