{"id":360,"date":"2023-11-26T17:51:19","date_gmt":"2023-11-26T16:51:19","guid":{"rendered":"https:\/\/www.surpol.com\/?page_id=360"},"modified":"2026-02-19T11:45:52","modified_gmt":"2026-02-19T10:45:52","slug":"nosotros","status":"publish","type":"page","link":"https:\/\/www.surpol.com\/es\/nosotros\/","title":{"rendered":"Nosotros"},"content":{"rendered":"<div data-elementor-type=\"wp-post\" data-elementor-id=\"360\" class=\"elementor elementor-360\" data-elementor-post-type=\"page\">\n\t\t\t\t\t\t<section data-particle_enable=\"false\" data-particle-mobile-disabled=\"false\" class=\"elementor-section elementor-top-section elementor-element elementor-element-c75722d elementor-section-height-min-height elementor-section-boxed elementor-section-height-default elementor-section-items-middle\" data-id=\"c75722d\" data-element_type=\"section\" data-e-type=\"section\" data-settings=\"{&quot;background_background&quot;:&quot;classic&quot;}\">\n\t\t\t\t\t\t\t<div class=\"elementor-background-overlay\"><\/div>\n\t\t\t\t\t\t\t<div class=\"elementor-container elementor-column-gap-default\">\n\t\t\t\t\t<div class=\"elementor-column elementor-col-100 elementor-top-column elementor-element elementor-element-b70907e\" data-id=\"b70907e\" data-element_type=\"column\" data-e-type=\"column\">\n\t\t\t<div class=\"elementor-widget-wrap elementor-element-populated\">\n\t\t\t\t\t\t<div class=\"elementor-element elementor-element-ac67340 elementor-widget elementor-widget-heading\" data-id=\"ac67340\" data-element_type=\"widget\" data-e-type=\"widget\" data-widget_type=\"heading.default\">\n\t\t\t\t<div class=\"elementor-widget-container\">\n\t\t\t\t\t<h2 class=\"elementor-heading-title elementor-size-default\">SOBRE SURPOL<\/h2>\t\t\t\t<\/div>\n\t\t\t\t<\/div>\n\t\t\t\t\t<\/div>\n\t\t<\/div>\n\t\t\t\t\t<\/div>\n\t\t<\/section>\n\t\t\t\t<section data-particle_enable=\"false\" data-particle-mobile-disabled=\"false\" class=\"elementor-section elementor-top-section elementor-element elementor-element-dd7ee5e elementor-section-boxed elementor-section-height-default elementor-section-height-default\" data-id=\"dd7ee5e\" data-element_type=\"section\" data-e-type=\"section\" data-settings=\"{&quot;animation&quot;:&quot;none&quot;}\">\n\t\t\t\t\t\t\t<div class=\"elementor-background-overlay\"><\/div>\n\t\t\t\t\t\t\t<div class=\"elementor-container elementor-column-gap-default\">\n\t\t\t\t\t<div class=\"elementor-column elementor-col-100 elementor-top-column elementor-element elementor-element-78c0331\" data-id=\"78c0331\" data-element_type=\"column\" data-e-type=\"column\">\n\t\t\t<div class=\"elementor-widget-wrap elementor-element-populated\">\n\t\t\t\t\t\t<div class=\"elementor-element elementor-element-d5a6922 elementor-widget elementor-widget-heading\" data-id=\"d5a6922\" data-element_type=\"widget\" data-e-type=\"widget\" data-widget_type=\"heading.default\">\n\t\t\t\t<div class=\"elementor-widget-container\">\n\t\t\t\t\t<h1 class=\"elementor-heading-title elementor-size-default\">GESTI\u00d3N DE LA PREVENCI\u00d3N DE RIESGOS DE TU EMPRESA<\/h1>\t\t\t\t<\/div>\n\t\t\t\t<\/div>\n\t\t\t\t<div class=\"elementor-element elementor-element-23533d2 elementor-widget elementor-widget-heading\" data-id=\"23533d2\" data-element_type=\"widget\" data-e-type=\"widget\" data-widget_type=\"heading.default\">\n\t\t\t\t<div class=\"elementor-widget-container\">\n\t\t\t\t\t<h2 class=\"elementor-heading-title elementor-size-default\">M\u00c1S DE 20 A\u00d1OS DE EXPERIENCIA EN PRL<\/h2>\t\t\t\t<\/div>\n\t\t\t\t<\/div>\n\t\t\t\t<div class=\"elementor-element elementor-element-2585c0c elementor-widget elementor-widget-text-editor\" data-id=\"2585c0c\" data-element_type=\"widget\" data-e-type=\"widget\" data-widget_type=\"text-editor.default\">\n\t\t\t\t<div class=\"elementor-widget-container\">\n\t\t\t\t\t\t\t\t\t<p class=\"translation-block\"><strong>SURPOL<\/strong> se cre\u00f3 en 2000, con la experiencia alcanzada en muchos a\u00f1os de participaci\u00f3n y trabajo en el mundo empresarial, de la docencia y de la prevenci\u00f3n.<\/p><p class=\"translation-block\">En <strong>SURPOL<\/strong>, estamos obsesionados con hacer de la seguridad laboral una prioridad. Nos enorgullecemos de ser el socio de confianza para empresas que buscan conseguir entornos laborales seguros y saludables. Nuestro compromiso con la seguridad se refleja en nuestra dedicaci\u00f3n en evaluar riesgos, proporcionar asesoramiento especializado y ofrecer formaci\u00f3n adaptada a las necesidades particulares de cada cliente.<\/p><p class=\"translation-block\">Con un equipo de expertos apasionados por la <strong>seguridad laboral,<\/strong> buscamos no s\u00f3lo cumplir con la normativa, sino tambi\u00e9n fomentar una <strong>cultura empresarial que pone la seguridad y la salud de los trabajadores en lo alto<\/strong>. Nuestra misi\u00f3n es la de construir entornos laborales m\u00e1s seguros para mejorar la vida laboral de todos.<\/p>\t\t\t\t\t\t\t\t<\/div>\n\t\t\t\t<\/div>\n\t\t\t\t\t<\/div>\n\t\t<\/div>\n\t\t\t\t\t<\/div>\n\t\t<\/section>\n\t\t\t\t<section data-particle_enable=\"false\" data-particle-mobile-disabled=\"false\" class=\"elementor-section elementor-top-section elementor-element elementor-element-fa9c0e5 elementor-section-boxed elementor-section-height-default elementor-section-height-default\" data-id=\"fa9c0e5\" data-element_type=\"section\" data-e-type=\"section\">\n\t\t\t\t\t\t<div class=\"elementor-container elementor-column-gap-default\">\n\t\t\t\t\t<div class=\"elementor-column elementor-col-100 elementor-top-column elementor-element elementor-element-b6cf5ff\" data-id=\"b6cf5ff\" data-element_type=\"column\" data-e-type=\"column\">\n\t\t\t<div class=\"elementor-widget-wrap elementor-element-populated\">\n\t\t\t\t\t\t<div class=\"elementor-element elementor-element-86bb3f0 elementor-widget elementor-widget-heading\" data-id=\"86bb3f0\" data-element_type=\"widget\" data-e-type=\"widget\" data-widget_type=\"heading.default\">\n\t\t\t\t<div class=\"elementor-widget-container\">\n\t\t\t\t\t<h1 class=\"elementor-heading-title elementor-size-default\">nuestros colaboradores<\/h1>\t\t\t\t<\/div>\n\t\t\t\t<\/div>\n\t\t\t\t<div class=\"elementor-element elementor-element-e1231bf elementor-widget elementor-widget-global elementor-global-4833 elementor-widget-ucaddon_logo_grid\" data-id=\"e1231bf\" data-element_type=\"widget\" data-e-type=\"widget\" data-widget_type=\"ucaddon_logo_grid.default\">\n\t\t\t\t<div class=\"elementor-widget-container\">\n\t\t\t\t\t<!-- start Logo Grid -->\n\t\t\t<style type=\"text\/css\">\/* widget: Logo Grid *\/\n\n#uc_logo_grid_elementor_e1231bf {\n  display: grid;\n}\n#uc_logo_grid_elementor_e1231bf .ue-logo-title\n{\n  width:100%;\n  position:absolute;\n  bottom:0;\n  text-align:center;\n  left:0;\n}\n\n#uc_logo_grid_elementor_e1231bf div.logo-grid-item\n{\ntext-align:center;\ndisplay:flex;\nflex-direction:column;\njustify-content:center;\nalign-items:center;\noverflow:hidden;\n  position:relative;\n  transition:0.3s;\n\n}\n\n#uc_logo_grid_elementor_e1231bf div.logo-grid-item img\n{\nwidth:100%;\n  object-fit: contain;\n  display:block;\n  mix-blend-mode: normal;\n  position:absolute;\n  top:0;\n  left:0;\n  right:0;\n  bottom:0;\n  height:100%;\n  transition:0.3s;\n}\n\n\n\n#uc_logo_grid_elementor_e1231bf a\n{\n  display:block;\n  position:absolute;\n  top:0;\n  left:0;\n  right:0;\n  bottom:0;\n  cursor:pointer;\n  display:flex;\njustify-content:center;\nalign-items:center;\n}\n\n<\/style>\n\n\t\t\t<div id=\"uc_logo_grid_elementor_e1231bf\" class=\"ue-logo-grid uc-items-wrapper\" >\n\t\t   <div class=\"logo-grid-item elementor-animation-bounce-in\" >\n   \n\t<a href=\"https:\/\/isoveri.com\/ca\/\"  target='_blank' rel='nofollow'> \n\t\n  \n    <img decoding=\"async\" src=\"https:\/\/www.surpol.com\/wp-content\/uploads\/2024\/01\/Isoveri-logo-1.png\" title=\"Isoveri\"  alt=\"Isoveri-logo\" width=\"300\" height=\"125\">\n      \t\n      \n  <\/a>\n  \t\n<\/div>\n<div class=\"logo-grid-item elementor-animation-bounce-in\" >\n   \n\t<a href=\"https:\/\/entelekia.cat\"  target='_blank'> \n\t\n  \n    <img decoding=\"async\" src=\"https:\/\/www.surpol.com\/wp-content\/uploads\/2024\/01\/entelekia.png\" title=\"Entelekia\"  alt=\"entelekia\" width=\"300\" height=\"125\">\n      \t\n      \n  <\/a>\n  \t\n<\/div>\n<div class=\"logo-grid-item elementor-animation-bounce-in\" >\n   \n\t<a href=\"https:\/\/www.aemam.org\/\"  target='_blank' rel='nofollow'> \n\t\n  \n    <img decoding=\"async\" src=\"https:\/\/www.surpol.com\/wp-content\/uploads\/2024\/01\/aeman.png\" title=\"Aemam\"  alt=\"aeman\" width=\"300\" height=\"125\">\n      \t\n      \n  <\/a>\n  \t\n<\/div>\n<div class=\"logo-grid-item elementor-animation-bounce-in\" >\n   \n\t<a href=\"https:\/\/gremicrm.es\/\"  target='_blank' rel='nofollow'> \n\t\n  \n    <img loading=\"lazy\" decoding=\"async\" src=\"https:\/\/www.surpol.com\/wp-content\/uploads\/2024\/01\/Gremilogo2-300x109-1.png\" title=\"crm\"  alt=\"Gremilogo2-300x109-1\" width=\"300\" height=\"125\">\n      \t\n      \n  <\/a>\n  \t\n<\/div>\n<div class=\"logo-grid-item elementor-animation-bounce-in\" >\n   \n\t<a href=\"https:\/\/ucripollet.cat\/\"  target='_blank' rel='nofollow'> \n\t\n  \n    <img loading=\"lazy\" decoding=\"async\" src=\"https:\/\/www.surpol.com\/wp-content\/uploads\/2025\/10\/UCR_CMYK_POSITIU.jpg\" title=\"Ucri\"  alt=\"UCR_CMYK_POSITIU\" width=\"595\" height=\"397\">\n      \t\n      \n  <\/a>\n  \t\n<\/div>\n<div class=\"logo-grid-item elementor-animation-bounce-in\" >\n   \n\t<a href=\"http:\/\/carretillas-nuevas-usadas.com\/\"  target='_blank' rel='nofollow'> \n\t\n  \n    <img loading=\"lazy\" decoding=\"async\" src=\"https:\/\/www.surpol.com\/wp-content\/uploads\/2024\/01\/logo-politractor-home.png\" title=\"Politractor\"  alt=\"logo-politractor-home\" width=\"300\" height=\"125\">\n      \t\n      \n  <\/a>\n  \t\n<\/div>\n<div class=\"logo-grid-item elementor-animation-bounce-in\" >\n  \t\n  \n    <img loading=\"lazy\" decoding=\"async\" src=\"https:\/\/www.surpol.com\/wp-content\/uploads\/2024\/05\/axis_legal2.png\" title=\"Axis legal\"  alt=\"axis_legal2\" width=\"300\" height=\"125\">\n      \t\n   \t\n<\/div>\n<div class=\"logo-grid-item elementor-animation-bounce-in\" >\n   \n\t<a href=\"https:\/\/www.hdib.es\/\"  target='_blank' rel='nofollow'> \n\t\n  \n    <img loading=\"lazy\" decoding=\"async\" src=\"https:\/\/www.surpol.com\/wp-content\/uploads\/2025\/10\/logoHD.png\" title=\"hdib\"  alt=\"logoHD\" width=\"159\" height=\"105\">\n      \t\n      \n  <\/a>\n  \t\n<\/div>\n<div class=\"logo-grid-item elementor-animation-bounce-in\" >\n   \n\t<a href=\"https:\/\/www.bufetedtr.com\/\"  target='_blank' rel='nofollow'> \n\t\n  \n    <img loading=\"lazy\" decoding=\"async\" src=\"https:\/\/www.surpol.com\/wp-content\/uploads\/2024\/01\/logo-dtr-ca.png\" title=\"DTR\"  alt=\"logo-dtr-ca\" width=\"300\" height=\"125\">\n      \t\n      \n  <\/a>\n  \t\n<\/div>\n \n    <\/div>\n\t\t\t<!-- end Logo Grid -->\t\t\t\t<\/div>\n\t\t\t\t<\/div>\n\t\t\t\t<div class=\"elementor-element elementor-element-36bda45 elementor-widget elementor-widget-global elementor-global-4836 elementor-widget-heading\" data-id=\"36bda45\" data-element_type=\"widget\" data-e-type=\"widget\" data-widget_type=\"heading.default\">\n\t\t\t\t<div class=\"elementor-widget-container\">\n\t\t\t\t\t<h4 class=\"elementor-heading-title elementor-size-default\">surpol dona suport a:<\/h4>\t\t\t\t<\/div>\n\t\t\t\t<\/div>\n\t\t\t\t<div class=\"elementor-element elementor-element-499b435 elementor-widget elementor-widget-global elementor-global-4839 elementor-widget-ucaddon_logo_grid\" data-id=\"499b435\" data-element_type=\"widget\" data-e-type=\"widget\" data-widget_type=\"ucaddon_logo_grid.default\">\n\t\t\t\t<div class=\"elementor-widget-container\">\n\t\t\t\t\t<!-- start Logo Grid -->\n\t\t\t<style type=\"text\/css\">\/* widget: Logo Grid *\/\n\n#uc_logo_grid_elementor_499b435 {\n  display: grid;\n}\n#uc_logo_grid_elementor_499b435 .ue-logo-title\n{\n  width:100%;\n  position:absolute;\n  bottom:0;\n  text-align:center;\n  left:0;\n}\n\n#uc_logo_grid_elementor_499b435 div.logo-grid-item\n{\ntext-align:center;\ndisplay:flex;\nflex-direction:column;\njustify-content:center;\nalign-items:center;\noverflow:hidden;\n  position:relative;\n  transition:0.3s;\n\n}\n\n#uc_logo_grid_elementor_499b435 div.logo-grid-item img\n{\nwidth:100%;\n  object-fit: contain;\n  display:block;\n  mix-blend-mode: normal;\n  position:absolute;\n  top:0;\n  left:0;\n  right:0;\n  bottom:0;\n  height:100%;\n  transition:0.3s;\n}\n\n\n\n#uc_logo_grid_elementor_499b435 a\n{\n  display:block;\n  position:absolute;\n  top:0;\n  left:0;\n  right:0;\n  bottom:0;\n  cursor:pointer;\n  display:flex;\njustify-content:center;\nalign-items:center;\n}\n\n<\/style>\n\n\t\t\t<div id=\"uc_logo_grid_elementor_499b435\" class=\"ue-logo-grid uc-items-wrapper\" >\n\t\t   <div class=\"logo-grid-item elementor-animation-bounce-in\" >\n   \n\t<a href=\"https:\/\/cadasil.org\/\"  target='_blank'> \n\t\n  \n    <img loading=\"lazy\" decoding=\"async\" src=\"https:\/\/www.surpol.com\/wp-content\/uploads\/2024\/09\/logo_cadasil.png\" title=\"Cadasil\"  alt=\"logo_cadasil\" width=\"150\" height=\"103\">\n      \t\n      \n  <\/a>\n  \t\n<\/div>\n<div class=\"logo-grid-item elementor-animation-bounce-in\" >\n   \n\t<a href=\"https:\/\/www.pimec.org\/ca\/fundacio-pimec\"  target='_blank' rel='nofollow'> \n\t\n  \n    <img loading=\"lazy\" decoding=\"async\" src=\"https:\/\/www.surpol.com\/wp-content\/uploads\/2024\/01\/fundacio_pimec.png\" title=\"pimec\"  alt=\"fundacio_pimec\" width=\"300\" height=\"125\">\n      \t\n      \n  <\/a>\n  \t\n<\/div>\n \n    <\/div>\n\t\t\t<!-- end Logo Grid -->\t\t\t\t<\/div>\n\t\t\t\t<\/div>\n\t\t\t\t\t<\/div>\n\t\t<\/div>\n\t\t\t\t\t<\/div>\n\t\t<\/section>\n\t\t\t\t<\/div>","protected":false},"excerpt":{"rendered":"<p>En SURPOL, estamos obsesionadas en hacer de la seguridad laboral una prioridad. Nos enorgullecemos de ser el socio de confianza para empresas que buscan conseguir entornos laborales seguros y saludables.<\/p>","protected":false},"author":2,"featured_media":1099,"parent":0,"menu_order":0,"comment_status":"closed","ping_status":"closed","template":"","meta":{"footnotes":""},"class_list":["post-360","page","type-page","status-publish","has-post-thumbnail","hentry"],"yoast_head":"<!-- This site is optimized with the Yoast SEO Premium plugin v22.9 (Yoast SEO v27.3) - https:\/\/yoast.com\/product\/yoast-seo-premium-wordpress\/ -->\n<title>Experiencia en PRL - Surpol<\/title>\n<meta name=\"description\" content=\"Experts en seguretat laboral, en la normativa en PRL i en fomentar una cultura empresarial que valori la seguretat i la salut dels treballadors.\" \/>\n<meta name=\"robots\" content=\"index, follow, max-snippet:-1, max-image-preview:large, max-video-preview:-1\" \/>\n<link rel=\"canonical\" href=\"https:\/\/www.surpol.com\/es\/nosotros\/\" \/>\n<meta property=\"og:locale\" content=\"es_ES\" \/>\n<meta property=\"og:type\" content=\"article\" \/>\n<meta property=\"og:title\" content=\"Nosaltres\" \/>\n<meta property=\"og:description\" content=\"Experts en seguretat laboral, en la normativa en PRL i en fomentar una cultura empresarial que valori la seguretat i la salut dels treballadors.\" \/>\n<meta property=\"og:url\" content=\"https:\/\/www.surpol.com\/es\/nosotros\/\" \/>\n<meta property=\"og:site_name\" content=\"Surpol\" \/>\n<meta property=\"article:modified_time\" content=\"2026-02-19T10:45:52+00:00\" \/>\n<meta property=\"og:image\" content=\"https:\/\/www.surpol.com\/wp-content\/uploads\/2024\/01\/60906645-scaled-1.jpg\" \/>\n\t<meta property=\"og:image:width\" content=\"2560\" \/>\n\t<meta property=\"og:image:height\" content=\"2560\" \/>\n\t<meta property=\"og:image:type\" content=\"image\/jpeg\" \/>\n<meta name=\"twitter:card\" content=\"summary_large_image\" \/>\n<meta name=\"twitter:label1\" content=\"Tiempo de lectura\" \/>\n\t<meta name=\"twitter:data1\" content=\"4 minutos\" \/>\n<script type=\"application\/ld+json\" class=\"yoast-schema-graph\">{\"@context\":\"https:\\\/\\\/schema.org\",\"@graph\":[{\"@type\":\"WebPage\",\"@id\":\"https:\\\/\\\/www.surpol.com\\\/nosaltres\\\/\",\"url\":\"https:\\\/\\\/www.surpol.com\\\/nosaltres\\\/\",\"name\":\"Experiencia en PRL - Surpol\",\"isPartOf\":{\"@id\":\"https:\\\/\\\/www.surpol.com\\\/#website\"},\"primaryImageOfPage\":{\"@id\":\"https:\\\/\\\/www.surpol.com\\\/nosaltres\\\/#primaryimage\"},\"image\":{\"@id\":\"https:\\\/\\\/www.surpol.com\\\/nosaltres\\\/#primaryimage\"},\"thumbnailUrl\":\"https:\\\/\\\/www.surpol.com\\\/wp-content\\\/uploads\\\/2024\\\/01\\\/60906645-scaled-1.jpg\",\"datePublished\":\"2023-11-26T16:51:19+00:00\",\"dateModified\":\"2026-02-19T10:45:52+00:00\",\"description\":\"Experts en seguretat laboral, en la normativa en PRL i en fomentar una cultura empresarial que valori la seguretat i la salut dels treballadors.\",\"breadcrumb\":{\"@id\":\"https:\\\/\\\/www.surpol.com\\\/nosaltres\\\/#breadcrumb\"},\"inLanguage\":\"es\",\"potentialAction\":[{\"@type\":\"ReadAction\",\"target\":[\"https:\\\/\\\/www.surpol.com\\\/nosaltres\\\/\"]}]},{\"@type\":\"ImageObject\",\"inLanguage\":\"es\",\"@id\":\"https:\\\/\\\/www.surpol.com\\\/nosaltres\\\/#primaryimage\",\"url\":\"https:\\\/\\\/www.surpol.com\\\/wp-content\\\/uploads\\\/2024\\\/01\\\/60906645-scaled-1.jpg\",\"contentUrl\":\"https:\\\/\\\/www.surpol.com\\\/wp-content\\\/uploads\\\/2024\\\/01\\\/60906645-scaled-1.jpg\",\"width\":2560,\"height\":2560},{\"@type\":\"BreadcrumbList\",\"@id\":\"https:\\\/\\\/www.surpol.com\\\/nosaltres\\\/#breadcrumb\",\"itemListElement\":[{\"@type\":\"ListItem\",\"position\":1,\"name\":\"Inici\",\"item\":\"https:\\\/\\\/www.surpol.com\\\/\"},{\"@type\":\"ListItem\",\"position\":2,\"name\":\"Nosaltres\"}]},{\"@type\":\"WebSite\",\"@id\":\"https:\\\/\\\/www.surpol.com\\\/#website\",\"url\":\"https:\\\/\\\/www.surpol.com\\\/\",\"name\":\"Surpol - Prevenci\u00f3 en Riscos Laborals\",\"description\":\"Prevenci\u00f3 de riscos laborals\",\"publisher\":{\"@id\":\"https:\\\/\\\/www.surpol.com\\\/#organization\"},\"alternateName\":\"Surpol - Gestion PRL\",\"potentialAction\":[{\"@type\":\"SearchAction\",\"target\":{\"@type\":\"EntryPoint\",\"urlTemplate\":\"https:\\\/\\\/www.surpol.com\\\/?s={search_term_string}\"},\"query-input\":{\"@type\":\"PropertyValueSpecification\",\"valueRequired\":true,\"valueName\":\"search_term_string\"}}],\"inLanguage\":\"es\"},{\"@type\":\"Organization\",\"@id\":\"https:\\\/\\\/www.surpol.com\\\/#organization\",\"name\":\"Surpol\",\"url\":\"https:\\\/\\\/www.surpol.com\\\/\",\"logo\":{\"@type\":\"ImageObject\",\"inLanguage\":\"es\",\"@id\":\"https:\\\/\\\/www.surpol.com\\\/#\\\/schema\\\/logo\\\/image\\\/\",\"url\":\"https:\\\/\\\/www.surpol.com\\\/wp-content\\\/uploads\\\/2024\\\/01\\\/cropped-logo4.png\",\"contentUrl\":\"https:\\\/\\\/www.surpol.com\\\/wp-content\\\/uploads\\\/2024\\\/01\\\/cropped-logo4.png\",\"width\":500,\"height\":268,\"caption\":\"Surpol\"},\"image\":{\"@id\":\"https:\\\/\\\/www.surpol.com\\\/#\\\/schema\\\/logo\\\/image\\\/\"}}]}<\/script>\n<!-- \/ Yoast SEO Premium plugin. -->","yoast_head_json":{"title":"Experiencia e PRL - Surpol","description":"Expertos en seguridad laboral, en la normativa en PRL y en fomentar una cultura empresarial que valore la seguridad y la salud de los trabajadores.","robots":{"index":"index","follow":"follow","max-snippet":"max-snippet:-1","max-image-preview":"max-image-preview:large","max-video-preview":"max-video-preview:-1"},"canonical":"https:\/\/www.surpol.com\/es\/nosotros\/","og_locale":"es_ES","og_type":"article","og_title":"Nosaltres","og_description":"Experts en seguretat laboral, en la normativa en PRL i en fomentar una cultura empresarial que valori la seguretat i la salut dels treballadors.","og_url":"https:\/\/www.surpol.com\/es\/nosotros\/","og_site_name":"Surpol","article_modified_time":"2026-02-19T10:45:52+00:00","og_image":[{"width":2560,"height":2560,"url":"https:\/\/www.surpol.com\/wp-content\/uploads\/2024\/01\/60906645-scaled-1.jpg","type":"image\/jpeg"}],"twitter_card":"summary_large_image","twitter_misc":{"Tiempo de lectura":"4 minutos"},"schema":{"@context":"https:\/\/schema.org","@graph":[{"@type":"WebPage","@id":"https:\/\/www.surpol.com\/nosaltres\/","url":"https:\/\/www.surpol.com\/nosaltres\/","name":"Experiencia e PRL - Surpol","isPartOf":{"@id":"https:\/\/www.surpol.com\/#website"},"primaryImageOfPage":{"@id":"https:\/\/www.surpol.com\/nosaltres\/#primaryimage"},"image":{"@id":"https:\/\/www.surpol.com\/nosaltres\/#primaryimage"},"thumbnailUrl":"https:\/\/www.surpol.com\/wp-content\/uploads\/2024\/01\/60906645-scaled-1.jpg","datePublished":"2023-11-26T16:51:19+00:00","dateModified":"2026-02-19T10:45:52+00:00","description":"Expertos en seguridad laboral, en la normativa en PRL y en fomentar una cultura empresarial que valore la seguridad y la salud de los trabajadores.","breadcrumb":{"@id":"https:\/\/www.surpol.com\/nosaltres\/#breadcrumb"},"inLanguage":"es","potentialAction":[{"@type":"ReadAction","target":["https:\/\/www.surpol.com\/nosaltres\/"]}]},{"@type":"ImageObject","inLanguage":"es","@id":"https:\/\/www.surpol.com\/nosaltres\/#primaryimage","url":"https:\/\/www.surpol.com\/wp-content\/uploads\/2024\/01\/60906645-scaled-1.jpg","contentUrl":"https:\/\/www.surpol.com\/wp-content\/uploads\/2024\/01\/60906645-scaled-1.jpg","width":2560,"height":2560},{"@type":"BreadcrumbList","@id":"https:\/\/www.surpol.com\/nosaltres\/#breadcrumb","itemListElement":[{"@type":"ListItem","position":1,"name":"Inici","item":"https:\/\/www.surpol.com\/"},{"@type":"ListItem","position":2,"name":"Nosaltres"}]},{"@type":"WebSite","@id":"https:\/\/www.surpol.com\/#website","url":"https:\/\/www.surpol.com\/","name":"Surpol - Prevenci\u00f3 en Riscos Laborals","description":"Prevenci\u00f3 de riscos laborals","publisher":{"@id":"https:\/\/www.surpol.com\/#organization"},"alternateName":"Surpol - Gestion PRL","potentialAction":[{"@type":"SearchAction","target":{"@type":"EntryPoint","urlTemplate":"https:\/\/www.surpol.com\/?s={search_term_string}"},"query-input":{"@type":"PropertyValueSpecification","valueRequired":true,"valueName":"search_term_string"}}],"inLanguage":"es"},{"@type":"Organization","@id":"https:\/\/www.surpol.com\/#organization","name":"Surpol","url":"https:\/\/www.surpol.com\/","logo":{"@type":"ImageObject","inLanguage":"es","@id":"https:\/\/www.surpol.com\/#\/schema\/logo\/image\/","url":"https:\/\/www.surpol.com\/wp-content\/uploads\/2024\/01\/cropped-logo4.png","contentUrl":"https:\/\/www.surpol.com\/wp-content\/uploads\/2024\/01\/cropped-logo4.png","width":500,"height":268,"caption":"Surpol"},"image":{"@id":"https:\/\/www.surpol.com\/#\/schema\/logo\/image\/"}}]}},"_links":{"self":[{"href":"https:\/\/www.surpol.com\/es\/wp-json\/wp\/v2\/pages\/360","targetHints":{"allow":["GET"]}}],"collection":[{"href":"https:\/\/www.surpol.com\/es\/wp-json\/wp\/v2\/pages"}],"about":[{"href":"https:\/\/www.surpol.com\/es\/wp-json\/wp\/v2\/types\/page"}],"author":[{"embeddable":true,"href":"https:\/\/www.surpol.com\/es\/wp-json\/wp\/v2\/users\/2"}],"replies":[{"embeddable":true,"href":"https:\/\/www.surpol.com\/es\/wp-json\/wp\/v2\/comments?post=360"}],"version-history":[{"count":21,"href":"https:\/\/www.surpol.com\/es\/wp-json\/wp\/v2\/pages\/360\/revisions"}],"predecessor-version":[{"id":4844,"href":"https:\/\/www.surpol.com\/es\/wp-json\/wp\/v2\/pages\/360\/revisions\/4844"}],"wp:featuredmedia":[{"embeddable":true,"href":"https:\/\/www.surpol.com\/es\/wp-json\/wp\/v2\/media\/1099"}],"wp:attachment":[{"href":"https:\/\/www.surpol.com\/es\/wp-json\/wp\/v2\/media?parent=360"}],"curies":[{"name":"wp","href":"https:\/\/api.w.org\/{rel}","templated":true}]}}